
{"id":1577,"date":"2023-12-17T05:20:03","date_gmt":"2023-12-17T05:20:03","guid":{"rendered":"https:\/\/thebuddhaproject.org\/fondateur\/"},"modified":"2024-09-02T17:06:34","modified_gmt":"2024-09-02T17:06:34","slug":"fondateur","status":"publish","type":"page","link":"https:\/\/thebuddhaproject.org\/fr\/fondateur\/","title":{"rendered":"Fondateur"},"content":{"rendered":"\n<div class=\"wp-block-cover alignfull is-light is-style-yellow-motif\" style=\"padding-bottom:var(--wp--preset--spacing--40)\"><span aria-hidden=\"true\" class=\"wp-block-cover__background has-white-background-color has-background-dim-0 has-background-dim\"><\/span><div class=\"wp-block-cover__inner-container is-layout-flow wp-block-cover-is-layout-flow\">\n<div class=\"wp-block-group has-global-padding is-content-justification-center is-layout-constrained wp-block-group-is-layout-constrained\"><div\t\tclass=\"wp-block-advanced-columns-columns-cd5497fa203d16a210545673ffd72850 wp-block-advanced-columns-columns\">\n\t\n<div\n\t\tclass=\"wp-block-advanced-columns-column-82b9eae463d1166bfbea5c2ad6b0d1a4 wp-block-advanced-columns-column\">\n\t\n\n<p class=\"has-5-font-size\">Le parcours spirituel du v\u00e9n\u00e9rable Losang Gendun a commenc\u00e9 avec un moine trappiste au d\u00e9but des ann\u00e9es 1970, qui a illustr\u00e9 les fruits d&rsquo;une longue vie consacr\u00e9e \u00e0 la simplicit\u00e9, \u00e0 la contemplation et \u00e0 l&rsquo;attention port\u00e9e aux autres. Ce fut la rencontre avec l&rsquo;abb\u00e9 d&rsquo;un monast\u00e8re Theravada hollandais, dix ans plus tard, qui donna \u00e0 la voie de Ven Gendun une nouvelle orientation et des fondements appropri\u00e9s.<\/p>\n\n\t\t<\/div>\n\n\n<div\n\t\tclass=\"wp-block-advanced-columns-column-06b3b219631c87f460b5c1be3e6e8114 wp-block-advanced-columns-column\">\n\t\n\n<figure class=\"wp-block-image aligncenter size-full\"><img loading=\"lazy\" decoding=\"async\" width=\"401\" height=\"547\" src=\"https:\/\/thebuddhaproject.org\/wp-content\/uploads\/2023\/12\/founder.jpg\" alt=\"\" class=\"wp-image-205\" srcset=\"https:\/\/thebuddhaproject.org\/wp-content\/uploads\/2023\/12\/founder.jpg 401w, https:\/\/thebuddhaproject.org\/wp-content\/uploads\/2023\/12\/founder-220x300.jpg 220w\" sizes=\"auto, (max-width: 401px) 100vw, 401px\" \/><figcaption class=\"wp-element-caption\">Cr\u00e9dits photos : Jurjen Jonkers<\/figcaption><\/figure>\n\n\t\t<\/div>\n\n\n<div\n\t\tclass=\"wp-block-advanced-columns-column-f0304d5e55ef29bc374dc01bf16b4fe9 wp-block-advanced-columns-column\">\n\t\n\n<div class=\"wp-block-group has-background has-global-padding is-content-justification-center is-layout-constrained wp-container-core-group-is-layout-90ff665a wp-block-group-is-layout-constrained\" style=\"background-color:#ffffff;margin-top:var(--wp--preset--spacing--30);padding-top:var(--wp--preset--spacing--20);padding-right:var(--wp--preset--spacing--20);padding-bottom:var(--wp--preset--spacing--20);padding-left:var(--wp--preset--spacing--20)\">\n<p class=\"has-black-2-color has-text-color has-link-color wp-elements-8c066b0a4c1ced61efeb0d8616f5be91\">Il a travaill\u00e9 dans divers domaines tels que les soins palliatifs, la technologie, les organisations de r\u00e9fugi\u00e9s et la gestion commerciale. En 2006, il s&rsquo;est enfin senti appel\u00e9 \u00e0 prendre une d\u00e9cision qui allait changer sa vie et a choisi l&rsquo;ordination dans la tradition tib\u00e9taine. Pendant les neuf ann\u00e9es qu&rsquo;il a pass\u00e9es au monast\u00e8re de Nalanda, en France, il a eu le privil\u00e8ge d&rsquo;\u00e9tudier avec certains des enseignants bouddhistes les plus respect\u00e9s, dont S.A. le Dala\u00ef Lama, Ganden Tripa Lobsang Tenzin Rinpoch\u00e9, Geshe Losang Jamphal et Lama Zopa Rinpoch\u00e9.<\/p>\n\n\n\n<p class=\"has-black-2-color has-text-color has-link-color wp-elements-60a2e2ed8420d40655c22791797b3c76\">Ven Gendun a pass\u00e9 plus de quatre ans en retraite, se formant aux m\u00e9thodes tib\u00e9taines Lojong et Mahamudra, ainsi qu&rsquo;\u00e0 la m\u00e9ditation Vipassana-shamatha dans les traditions de for\u00eat Theravada de Sayadaws U Pandita et Pa Auk (Myanmar).<\/p>\n\n\n\n<p class=\"has-black-2-color has-text-color has-link-color wp-elements-adc933a34cedfc17425c2eda09dbce27\">Au cours des 15 derni\u00e8res ann\u00e9es, Ven Gendun a enseign\u00e9 la philosophie bouddhiste, la psychologie et la m\u00e9ditation dans des pays tels que les Pays-Bas, la France, Monaco, les \u00c9tats-Unis et le Royaume-Uni, et a \u00e9t\u00e9 l&rsquo;enseignant r\u00e9sident de l&rsquo;Institut Maitreya de la FPMT \u00e0 Amsterdam pendant six ans.<\/p>\n<\/div>\n\n\t\t<\/div>\n\n\t\t<\/div>\n<\/div>\n<\/div><\/div>\n\n<div class=\"wp-block-group alignfull has-black-background-color has-background has-global-padding is-layout-constrained wp-container-core-group-is-layout-ed564952 wp-block-group-is-layout-constrained\" style=\"padding-top:var(--wp--preset--spacing--20);padding-bottom:var(--wp--preset--spacing--20)\">\n<p class=\"has-text-align-center has-yellow-1-color has-text-color has-link-color has-public-sans-font-family has-3-font-size wp-elements-2e5346cf5806a7c24d9a3dd68a39c1a5\">VIE EXAMIN\u00c9E<\/p>\n\n\n\n<p class=\"has-text-align-center has-white-color has-text-color has-link-color has-feijoa-medium-font-family has-5-font-size wp-elements-b9cf8d0de40405b22aa8349064304125\">Le v\u00e9n\u00e9rable Gendun s&rsquo;est fortement engag\u00e9 \u00e0 vivre et \u00e0 promouvoir la \u00ab vie examin\u00e9e \u00bb, dans laquelle la fausse s\u00e9curit\u00e9 des dogmes est remplac\u00e9e par un c\u0153ur sans peur et un esprit curieux.<\/p>\n<\/div>\n\n<div class=\"wp-block-cover alignfull is-light\"><span aria-hidden=\"true\" class=\"wp-block-cover__background has-pure-white-background-color has-background-dim-100 has-background-dim\"><\/span><div class=\"wp-block-cover__inner-container has-global-padding is-layout-constrained wp-block-cover-is-layout-constrained\"><div\t\tclass=\"wp-block-advanced-columns-columns-fdffd56434fa9b36d87691d62e05d81a wp-block-advanced-columns-columns\">\n\t\n<div\n\t\tclass=\"wp-block-advanced-columns-column-d657c4546329e797de521fdb10bf6cb5 wp-block-advanced-columns-column\">\n\t\n<div\t\tclass=\"wp-block-advanced-columns-columns-25b9b9d158f62b0155cd1ea3f2b1ad47 wp-block-advanced-columns-columns\">\n\t\n<div\n\t\tclass=\"wp-block-advanced-columns-column-95d165de725b5fbc65acafe23ab17762 wp-block-advanced-columns-column\">\n\t\n\n<h2 class=\"wp-block-heading has-9-font-size\">Source de <br\/>toutes les bonnes qualit\u00e9s<\/h2>\n\n\t<picture class=wp-block-advanced-columns-column__background><source media=\"(max-width:1200px)\" srcset=\"https:\/\/thebuddhaproject.org\/wp-content\/uploads\/2024\/01\/yellow-mountains.svg\" \/><img decoding=\"async\" src=\"https:\/\/thebuddhaproject.org\/wp-content\/uploads\/2024\/01\/yellow-mountains.svg\" alt=\"\" \/><\/picture>\t<\/div>\n\n\n<div\n\t\tclass=\"wp-block-advanced-columns-column-88be9a9f5f3e287cf4a5055b49315a78 wp-block-advanced-columns-column\">\n\t\n\n<figure class=\"wp-block-image size-full is-resized\"><img loading=\"lazy\" decoding=\"async\" width=\"401\" height=\"301\" src=\"https:\/\/thebuddhaproject.org\/wp-content\/uploads\/2024\/01\/geshe-losang-tengye.jpg\" alt=\"\" class=\"wp-image-873\" style=\"object-fit:cover;width:400px;height:300px\" srcset=\"https:\/\/thebuddhaproject.org\/wp-content\/uploads\/2024\/01\/geshe-losang-tengye.jpg 401w, https:\/\/thebuddhaproject.org\/wp-content\/uploads\/2024\/01\/geshe-losang-tengye-300x225.jpg 300w\" sizes=\"auto, (max-width: 401px) 100vw, 401px\" \/><\/figure>\n\n\n\n<p class=\"has-public-sans-font-family has-5-font-size\" style=\"margin-bottom:4px;line-height:1\"><strong>Geshe Losang Tengye<\/strong><\/p>\n\n\n\n<p class=\"has-black-2-color has-text-color has-link-color has-public-sans-font-family has-3-font-size wp-elements-d49fb32d91647576936c0d791aa3b7e4\" style=\"margin-top:0;margin-bottom:0;line-height:1\"><em>Gourou de la racine<\/em><\/p>\n\n\n\n<p>N\u00e9 en 1927, Gen Tengye a obtenu le dipl\u00f4me de Geshe Lharampa au monast\u00e8re de Sera Je au Tibet. Il a pass\u00e9 9 ans en Tha\u00eflande en tant que moine mendiant comparant les Vinayas tib\u00e9tain et theravada, avant de s&rsquo;installer en France o\u00f9 il a enseign\u00e9 pendant plus de 30 ans au temple bouddhiste Linh Son, mais surtout \u00e0 l&rsquo;Institut Vajra yogini dans le Tarn, o\u00f9 il a r\u00e9sid\u00e9 jusqu&rsquo;\u00e0 son d\u00e9c\u00e8s en 2019.  <\/p>\n\n\t\t<\/div>\n\n\t\t<\/div>\n\n\t\t<\/div>\n\n\n<div\n\t\tclass=\"wp-block-advanced-columns-column-d751713988987e9331980363e24189ce wp-block-advanced-columns-column\">\n\t\n<div\t\tclass=\"wp-block-advanced-columns-columns-2c4f44c8586a9660756a5769de0b51bc wp-block-advanced-columns-columns\">\n\t\n<div\n\t\tclass=\"wp-block-advanced-columns-column-88be9a9f5f3e287cf4a5055b49315a78 wp-block-advanced-columns-column\">\n\t\n\n<figure class=\"wp-block-image size-full is-resized\"><img loading=\"lazy\" decoding=\"async\" width=\"401\" height=\"301\" src=\"https:\/\/thebuddhaproject.org\/wp-content\/uploads\/2024\/01\/luang-pho-phra-thep-buddhimonkun.jpg\" alt=\"\" class=\"wp-image-875\" style=\"object-fit:cover;width:400px;height:300px\" srcset=\"https:\/\/thebuddhaproject.org\/wp-content\/uploads\/2024\/01\/luang-pho-phra-thep-buddhimonkun.jpg 401w, https:\/\/thebuddhaproject.org\/wp-content\/uploads\/2024\/01\/luang-pho-phra-thep-buddhimonkun-300x225.jpg 300w\" sizes=\"auto, (max-width: 401px) 100vw, 401px\" \/><\/figure>\n\n\n\n<p class=\"has-public-sans-font-family has-5-font-size\" style=\"margin-bottom:4px;line-height:1.1\"><strong>Luang Pho Phra Thep Bhuddhimongkol<\/strong><\/p>\n\n\n\n<p class=\"has-black-2-color has-text-color has-link-color has-public-sans-font-family has-3-font-size wp-elements-21ce222caff0de4fb3d49636097dc01d\" style=\"margin-top:0;margin-bottom:0;line-height:1\"><em>Pr\u00e9cepteur de refuge et professeur de m\u00e9ditation<\/em><\/p>\n\n\n\n<p>N\u00e9 en 1929, Luang Pho a re\u00e7u l&rsquo;ordination de novice \u00e0 Wat Saket \u00e0 Bangkok et l&rsquo;ordination compl\u00e8te quatre ans plus tard. Il a \u00e9tudi\u00e9 le bouddhisme \u00e0 l&rsquo;universit\u00e9 de Bangkok o\u00f9 il a obtenu son doctorat en 1973. Il est abb\u00e9 du temple Buddharama \u00e0 Waalwijk depuis 1991 et dirige la Sangha tha\u00eflandaise en Europe.<br\/><\/p>\n\n\t\t<\/div>\n\n\n<div\n\t\tclass=\"wp-block-advanced-columns-column-88be9a9f5f3e287cf4a5055b49315a78 wp-block-advanced-columns-column\">\n\t\n\n<figure class=\"wp-block-image size-full is-resized\"><img loading=\"lazy\" decoding=\"async\" width=\"401\" height=\"301\" src=\"https:\/\/thebuddhaproject.org\/wp-content\/uploads\/2024\/01\/lama-zopa-rinpoche.jpg\" alt=\"\" class=\"wp-image-879\" style=\"object-fit:cover;width:400px;height:300px\" srcset=\"https:\/\/thebuddhaproject.org\/wp-content\/uploads\/2024\/01\/lama-zopa-rinpoche.jpg 401w, https:\/\/thebuddhaproject.org\/wp-content\/uploads\/2024\/01\/lama-zopa-rinpoche-300x225.jpg 300w\" sizes=\"auto, (max-width: 401px) 100vw, 401px\" \/><\/figure>\n\n\n\n<p class=\"has-public-sans-font-family has-5-font-size\" style=\"margin-bottom:4px;line-height:1.1\"><strong>Lama Zopa Rinpoche<\/strong><\/p>\n\n\n\n<p class=\"has-black-2-color has-text-color has-link-color has-public-sans-font-family has-3-font-size wp-elements-310274951f92caf2ac984000f75fbc8f\" style=\"margin-top:0;margin-bottom:0;line-height:1\"><em>Incarnation de la bodhicitta<\/em><\/p>\n\n\n\n<p>N\u00e9 en 1946 au N\u00e9pal, Rinpoch\u00e9 a \u00e9t\u00e9 reconnu comme la r\u00e9incarnation du Lawudo Lama. Apr\u00e8s le d\u00e9c\u00e8s de son gourou Lama Yeshe en 1984, il a accept\u00e9 le r\u00f4le de directeur spirituel de la Fondation pour la pr\u00e9servation de la tradition mahayana (FPMT). Ses enseignements sur la compassion, la sagesse et la pratique des id\u00e9aux de bodhisattva ont atteint les quatre coins du monde gr\u00e2ce \u00e0 son d\u00e9vouement incomparable \u00e0 l&rsquo;\u00e9gard de tous les \u00eatres vivants.<br\/><\/p>\n\n\t\t<\/div>\n\n\n<div\n\t\tclass=\"wp-block-advanced-columns-column-88be9a9f5f3e287cf4a5055b49315a78 wp-block-advanced-columns-column\">\n\t\n\n<figure class=\"wp-block-image size-full is-resized\"><img loading=\"lazy\" decoding=\"async\" width=\"401\" height=\"301\" src=\"https:\/\/thebuddhaproject.org\/wp-content\/uploads\/2024\/01\/dalai-lama.jpg\" alt=\"\" class=\"wp-image-881\" style=\"object-fit:cover;width:400px;height:300px\" srcset=\"https:\/\/thebuddhaproject.org\/wp-content\/uploads\/2024\/01\/dalai-lama.jpg 401w, https:\/\/thebuddhaproject.org\/wp-content\/uploads\/2024\/01\/dalai-lama-300x225.jpg 300w\" sizes=\"auto, (max-width: 401px) 100vw, 401px\" \/><\/figure>\n\n\n\n<p class=\"has-public-sans-font-family has-5-font-size\" style=\"margin-bottom:4px;line-height:1.1\"><strong>Sa Saintet\u00e9 le XIVe Dala\u00ef Lama<\/strong><\/p>\n\n\n\n<p class=\"has-black-2-color has-text-color has-link-color has-public-sans-font-family has-3-font-size wp-elements-03606e6a148f7c9b9ec589626f20b2aa\" style=\"margin-top:0;margin-bottom:0;line-height:1\"><em>Abb\u00e9 de pleine ordination et ma\u00eetre tantrique <\/em><\/p>\n\n\n\n<p>Sa Saintet\u00e9 est n\u00e9e en 1935 \u00e0 Taktser, au Tibet. Reconnu comme le 14e dala\u00ef-lama, il a assum\u00e9 toutes les responsabilit\u00e9s de son poste en 1950. En 1959, il s&rsquo;est exil\u00e9 en Inde. Il r\u00e9side aujourd&rsquo;hui \u00e0 Dharamsala et est le chef spirituel du peuple tib\u00e9tain. Enseignant dans le monde entier, il a \u00e9t\u00e9 un d\u00e9fenseur infatigable de la paix, de la compassion et de la pr\u00e9servation de la culture tib\u00e9taine, et a re\u00e7u le prix Nobel de la paix en 1989.<br\/><\/p>\n\n\t\t<\/div>\n\n\n<div\n\t\tclass=\"wp-block-advanced-columns-column-88be9a9f5f3e287cf4a5055b49315a78 wp-block-advanced-columns-column\">\n\t\n\n<figure class=\"wp-block-image size-full is-resized\"><img loading=\"lazy\" decoding=\"async\" width=\"401\" height=\"301\" src=\"https:\/\/thebuddhaproject.org\/wp-content\/uploads\/2024\/01\/ganden-tripa-lobsang-tenzin-rinpoche.jpg\" alt=\"\" class=\"wp-image-884\" style=\"object-fit:cover;width:400px;height:300px\" srcset=\"https:\/\/thebuddhaproject.org\/wp-content\/uploads\/2024\/01\/ganden-tripa-lobsang-tenzin-rinpoche.jpg 401w, https:\/\/thebuddhaproject.org\/wp-content\/uploads\/2024\/01\/ganden-tripa-lobsang-tenzin-rinpoche-300x225.jpg 300w\" sizes=\"auto, (max-width: 401px) 100vw, 401px\" \/><\/figure>\n\n\n\n<p class=\"has-public-sans-font-family has-5-font-size\" style=\"margin-bottom:4px;line-height:1.1\"><strong>Ganden Tripa Lobsang Tenzin Rinpoche<\/strong><\/p>\n\n\n\n<p class=\"has-public-sans-font-family has-3-font-size\" style=\"margin-top:0;margin-bottom:0;line-height:1\"><em>Abb\u00e9 novice et ma\u00eetre tantrique<\/em><\/p>\n\n\n\n<p>N\u00e9 au Tibet en 1934 et ordonn\u00e9 moine \u00e0 l&rsquo;\u00e2ge de sept ans, il a suivi Sa Saintet\u00e9 le Dala\u00ef Lama en exil en 1959. Il a \u00e9tudi\u00e9 au monast\u00e8re de Sera Je et \u00e0 l&rsquo;universit\u00e9 tantrique de Gyume. Il a \u00e9t\u00e9 nomm\u00e9 104e Ganden Tripa, chef spirituel de l&rsquo;\u00e9cole Gelug du bouddhisme tib\u00e9tain, en avril 2017.  <\/p>\n\n\t\t<\/div>\n\n\n<div\n\t\tclass=\"wp-block-advanced-columns-column-88be9a9f5f3e287cf4a5055b49315a78 wp-block-advanced-columns-column\">\n\t\n\n<figure class=\"wp-block-image size-full is-resized\"><img loading=\"lazy\" decoding=\"async\" width=\"401\" height=\"301\" src=\"https:\/\/thebuddhaproject.org\/wp-content\/uploads\/2024\/01\/sayalay-daw-bhaddamanika.jpg\" alt=\"\" class=\"wp-image-886\" style=\"object-fit:cover;width:400px;height:300px\" srcset=\"https:\/\/thebuddhaproject.org\/wp-content\/uploads\/2024\/01\/sayalay-daw-bhaddamanika.jpg 401w, https:\/\/thebuddhaproject.org\/wp-content\/uploads\/2024\/01\/sayalay-daw-bhaddamanika-300x225.jpg 300w\" sizes=\"auto, (max-width: 401px) 100vw, 401px\" \/><\/figure>\n\n\n\n<p class=\"has-public-sans-font-family has-5-font-size\" style=\"margin-bottom:4px;line-height:1.1\"><strong>Sayalay Daw Bhaddamanika<\/strong><\/p>\n\n\n\n<p class=\"has-black-2-color has-text-color has-link-color has-public-sans-font-family has-3-font-size wp-elements-e565db5d20b98efadbfb8b0e374175c2\" style=\"margin-top:0;margin-bottom:0;line-height:1\"><em>Professeur de m\u00e9ditation<\/em><\/p>\n\n\n\n<p>N\u00e9e au Myanmar en 1955, Sayalay a \u00e9t\u00e9 ordonn\u00e9e nonne \u00e0 Lumbini en f\u00e9vrier 1999. Cog\u00e9rant le centre Panditarama-Lumbini, elle a grandement contribu\u00e9 \u00e0 son d\u00e9veloppement. Elle enseigne la m\u00e9ditation aux retraitants \u00e0 court et \u00e0 long terme, \u00e0 Lumbini et \u00e0 l&rsquo;\u00e9tranger.<br\/><\/p>\n\n\t\t<\/div>\n\n\n<div\n\t\tclass=\"wp-block-advanced-columns-column-88be9a9f5f3e287cf4a5055b49315a78 wp-block-advanced-columns-column\">\n\t\n\n<figure class=\"wp-block-image size-full is-resized\"><img loading=\"lazy\" decoding=\"async\" width=\"401\" height=\"301\" src=\"https:\/\/thebuddhaproject.org\/wp-content\/uploads\/2024\/01\/geshe-losang-jamphel.jpg\" alt=\"\" class=\"wp-image-888\" style=\"object-fit:cover;width:400px;height:300px\" srcset=\"https:\/\/thebuddhaproject.org\/wp-content\/uploads\/2024\/01\/geshe-losang-jamphel.jpg 401w, https:\/\/thebuddhaproject.org\/wp-content\/uploads\/2024\/01\/geshe-losang-jamphel-300x225.jpg 300w\" sizes=\"auto, (max-width: 401px) 100vw, 401px\" \/><\/figure>\n\n\n\n<p class=\"has-public-sans-font-family has-5-font-size\" style=\"margin-bottom:4px;line-height:1.1\"><strong>Geshe Losang Jamphel<\/strong><\/p>\n\n\n\n<p class=\"has-black-2-color has-text-color has-link-color has-public-sans-font-family has-3-font-size wp-elements-cbfb83017cf3a196f0907de2601589c4\" style=\"margin-top:0;margin-bottom:0;line-height:1\"><em>Abb\u00e9 monastique et professeur de philosophie<\/em><\/p>\n\n\n\n<p>N\u00e9 en 1961, Geshe Jamphel a re\u00e7u secr\u00e8tement l&rsquo;ordination de novice en 1979 et l&rsquo;ordination compl\u00e8te en 1981 au monast\u00e8re de Ganden, pr\u00e8s de Lhassa, au Tibet. Fuyant l&rsquo;exil, il s&rsquo;inscrit au monast\u00e8re de Sera Je, dans le sud de l&rsquo;Inde, o\u00f9 il obtient son dipl\u00f4me de Lharampa Geshe en 1999, et poursuit ses \u00e9tudes au coll\u00e8ge tantrique de Gyuto. Il enseigne au monast\u00e8re de Nalanda en France depuis 2000 et en est devenu l&rsquo;abb\u00e9 en 2007.<br\/><\/p>\n\n\t\t<\/div>\n\n\n<div\n\t\tclass=\"wp-block-advanced-columns-column-88be9a9f5f3e287cf4a5055b49315a78 wp-block-advanced-columns-column\">\n\t\n\n<figure class=\"wp-block-image size-full is-resized\"><img loading=\"lazy\" decoding=\"async\" width=\"401\" height=\"301\" src=\"https:\/\/thebuddhaproject.org\/wp-content\/uploads\/2024\/01\/sayadaw-u-kovida.jpg\" alt=\"\" class=\"wp-image-891\" style=\"object-fit:cover;width:400px;height:300px\" srcset=\"https:\/\/thebuddhaproject.org\/wp-content\/uploads\/2024\/01\/sayadaw-u-kovida.jpg 401w, https:\/\/thebuddhaproject.org\/wp-content\/uploads\/2024\/01\/sayadaw-u-kovida-300x225.jpg 300w\" sizes=\"auto, (max-width: 401px) 100vw, 401px\" \/><\/figure>\n\n\n\n<p class=\"has-public-sans-font-family has-5-font-size\" style=\"margin-bottom:4px;line-height:1.1\"><strong>Sayadaw U Kovida<\/strong><\/p>\n\n\n\n<p class=\"has-black-2-color has-text-color has-link-color has-public-sans-font-family has-3-font-size wp-elements-5a38258d802eb92d810a37d239f6a697\" style=\"margin-top:0;margin-bottom:0;line-height:1\"><em>Professeur de m\u00e9ditation et d&rsquo;abhidhamma<\/em><\/p>\n\n\n\n<p>N\u00e9 en 1976, Sayadaw U Kovida a re\u00e7u l&rsquo;ordination de Samanera \u00e0 l&rsquo;\u00e2ge de 14 ans et l&rsquo;ordination compl\u00e8te 6 ans plus tard. \u00c9tudiant dans les monast\u00e8res de Mah\u0101visut\u0101r\u0101ma et de Masoeyein-teikthit au Myanmar, il a re\u00e7u le titre de Sasanadhaja-Dhammacariya. S&rsquo;\u00e9tant entra\u00een\u00e9e avec Ven. Pa-Auk Sayadaw, il enseigne actuellement au centre de m\u00e9ditation Pa Auk Tawya et dans ses succursales du monde entier.<\/p>\n\n\n\n<p><br\/><\/p>\n\n\t\t<\/div>\n\n\n<div\n\t\tclass=\"wp-block-advanced-columns-column-88be9a9f5f3e287cf4a5055b49315a78 wp-block-advanced-columns-column\">\n\t\n\n<figure class=\"wp-block-image size-full is-resized\"><img loading=\"lazy\" decoding=\"async\" width=\"401\" height=\"301\" src=\"https:\/\/thebuddhaproject.org\/wp-content\/uploads\/2024\/01\/kyabje-nawang-gelek-rinpoche.jpg\" alt=\"\" class=\"wp-image-893\" style=\"object-fit:cover;width:400px;height:300px\" srcset=\"https:\/\/thebuddhaproject.org\/wp-content\/uploads\/2024\/01\/kyabje-nawang-gelek-rinpoche.jpg 401w, https:\/\/thebuddhaproject.org\/wp-content\/uploads\/2024\/01\/kyabje-nawang-gelek-rinpoche-300x225.jpg 300w\" sizes=\"auto, (max-width: 401px) 100vw, 401px\" \/><\/figure>\n\n\n\n<p class=\"has-public-sans-font-family has-5-font-size\" style=\"margin-bottom:4px;line-height:1.1\"><strong>Kyabje Nawang Gelek Rinpoche<\/strong><\/p>\n\n\n\n<p class=\"has-black-2-color has-text-color has-link-color has-public-sans-font-family has-3-font-size wp-elements-0a26e336ae4df2c24eb92753486cffe7\" style=\"margin-top:0;margin-bottom:0;line-height:1\"><em>Guide du Mahayana<\/em><\/p>\n\n\n\n<p>N\u00e9 en 1939, il a re\u00e7u le dipl\u00f4me de Geshe Lharampa \u00e0 l&rsquo;\u00e2ge exceptionnellement jeune de 20 ans \u00e0 l&rsquo;universit\u00e9 monastique de Drepung au Tibet. En 1959, il s&rsquo;exile en Inde. Rinpoche s&rsquo;est install\u00e9 \u00e0 Ann Arbor, Michigan, en 1987 pour enseigner le bouddhisme. En 1988, il a fond\u00e9 et pr\u00e9sid\u00e9 Jewel Heart. Il a diffus\u00e9 le bouddhisme tib\u00e9tain dans le monde entier jusqu&rsquo;\u00e0 son d\u00e9c\u00e8s en 2017.<br\/><\/p>\n\n\t\t<\/div>\n\n\n<div\n\t\tclass=\"wp-block-advanced-columns-column-88be9a9f5f3e287cf4a5055b49315a78 wp-block-advanced-columns-column\">\n\t\n\n<figure class=\"wp-block-image size-full is-resized\"><img loading=\"lazy\" decoding=\"async\" width=\"401\" height=\"301\" src=\"https:\/\/thebuddhaproject.org\/wp-content\/uploads\/2024\/01\/ven-antonio-satta.jpg\" alt=\"\" class=\"wp-image-895\" style=\"object-fit:cover;width:400px;height:300px\" srcset=\"https:\/\/thebuddhaproject.org\/wp-content\/uploads\/2024\/01\/ven-antonio-satta.jpg 401w, https:\/\/thebuddhaproject.org\/wp-content\/uploads\/2024\/01\/ven-antonio-satta-300x225.jpg 300w\" sizes=\"auto, (max-width: 401px) 100vw, 401px\" \/><\/figure>\n\n\n\n<p class=\"has-public-sans-font-family has-5-font-size\" style=\"margin-bottom:4px;line-height:1.1\"><strong>Ven. Antonio Satta<\/strong><\/p>\n\n\n\n<p class=\"has-black-2-color has-text-color has-link-color has-public-sans-font-family has-3-font-size wp-elements-e565db5d20b98efadbfb8b0e374175c2\" style=\"margin-top:0;margin-bottom:0;line-height:1\"><em>Professeur de m\u00e9ditation<\/em><\/p>\n\n\n\n<p>Ven. Antonio a re\u00e7u l&rsquo;ordination de novice en 1979 et l&rsquo;ordination compl\u00e8te de HHDL en 1981. Il a \u00e9tudi\u00e9 avec une grande vari\u00e9t\u00e9 d&rsquo;enseignants tib\u00e9tains et a pratiqu\u00e9 dans un centre de m\u00e9ditation Insight Mahasi Sayadaw au Sri Lanka. Il a traduit et enseign\u00e9 dans des centres \u00e0 travers le monde et a form\u00e9 des Occidentaux de la tradition tib\u00e9taine au Theravada Vipassana.<br\/><\/p>\n\n\t\t<\/div>\n\n\t\t<\/div>\n\n\t\t<\/div>\n\n\t\t<\/div>\n<\/div><\/div>\n\n<div class=\"wp-block-group has-global-padding is-layout-constrained wp-container-core-group-is-layout-7db9d80f wp-block-group-is-layout-constrained\" style=\"padding-right:0;padding-left:0\"><div\t\tclass=\"wp-block-advanced-columns-columns-6dccdca2088ff5d6bedfad12152ae003 wp-block-advanced-columns-columns\">\n\t\n<div\n\t\tclass=\"wp-block-advanced-columns-column-88be9a9f5f3e287cf4a5055b49315a78 wp-block-advanced-columns-column\">\n\t\n\n<figure class=\"wp-block-image size-full is-resized\"><img loading=\"lazy\" decoding=\"async\" width=\"501\" height=\"701\" src=\"https:\/\/thebuddhaproject.org\/wp-content\/uploads\/2024\/01\/founder-blob-1.svg\" alt=\"\" class=\"wp-image-1313\" style=\"width:400px\"\/><\/figure>\n\n\t\t<\/div>\n\n\n<div\n\t\tclass=\"wp-block-advanced-columns-column-98333e4c657dedf06f1243355313e6ef wp-block-advanced-columns-column\">\n\t\n\n<p class=\"has-5-font-size\">Une grande partie des conflits et de la polarisation dans le monde provient de l&rsquo;attraction des identit\u00e9s sectaires et de la peur que provoque la suppression du doute. Dans cette optique, il collabore avec diff\u00e9rentes communaut\u00e9s contemplatives, notamment b\u00e9n\u00e9dictines, soufies, juives lib\u00e9rales et orthodoxes de l&rsquo;Est.  <\/p>\n\n\n\n<p class=\"has-5-font-size\">Ven. Losang Gendun est membre de <a href=\"https:\/\/www.mindandlife-europe.org\" data-type=\"link\" data-id=\"https:\/\/www.mindandlife-europe.org\">Mind &amp; Life Europe<\/a>, dont la mission est d&rsquo;att\u00e9nuer la souffrance et de promouvoir l&rsquo;\u00e9panouissement de l&rsquo;homme et de la soci\u00e9t\u00e9 en int\u00e9grant la science \u00e0 la pratique contemplative et aux traditions de sagesse. Dans ses activit\u00e9s, il promeut sp\u00e9cifiquement l&rsquo;importance de l&rsquo;\u00e9galit\u00e9 et de l&rsquo;inclusion en tant qu&rsquo;ingr\u00e9dients essentiels d&rsquo;une humanit\u00e9 prosp\u00e8re et coh\u00e9sive.<\/p>\n\n\n\n<hr class=\"wp-block-separator has-text-color has-green-2-color has-alpha-channel-opacity has-green-2-background-color has-background\" style=\"margin-top:var(--wp--preset--spacing--20);margin-bottom:var(--wp--preset--spacing--20)\"\/>\n\n\t\t<\/div>\n\n\t\t<\/div>\n<\/div>\n","protected":false},"excerpt":{"rendered":"<p>VIE EXAMIN\u00c9E Le v\u00e9n\u00e9rable Gendun s&rsquo;est fortement engag\u00e9 \u00e0 vivre et \u00e0 promouvoir la \u00ab vie examin\u00e9e \u00bb, dans laquelle la fausse s\u00e9curit\u00e9 des dogmes est remplac\u00e9e par un c\u0153ur sans peur et un esprit curieux.<\/p>\n","protected":false},"author":1,"featured_media":0,"parent":0,"menu_order":0,"comment_status":"closed","ping_status":"closed","template":"","meta":{"_acf_changed":false,"_bbp_topic_count":0,"_bbp_reply_count":0,"_bbp_total_topic_count":0,"_bbp_total_reply_count":0,"_bbp_voice_count":0,"_bbp_anonymous_reply_count":0,"_bbp_topic_count_hidden":0,"_bbp_reply_count_hidden":0,"_bbp_forum_subforum_count":0,"footnotes":""},"class_list":["post-1577","page","type-page","status-publish","hentry"],"acf":[],"_links":{"self":[{"href":"https:\/\/thebuddhaproject.org\/fr\/wp-json\/wp\/v2\/pages\/1577","targetHints":{"allow":["GET"]}}],"collection":[{"href":"https:\/\/thebuddhaproject.org\/fr\/wp-json\/wp\/v2\/pages"}],"about":[{"href":"https:\/\/thebuddhaproject.org\/fr\/wp-json\/wp\/v2\/types\/page"}],"author":[{"embeddable":true,"href":"https:\/\/thebuddhaproject.org\/fr\/wp-json\/wp\/v2\/users\/1"}],"replies":[{"embeddable":true,"href":"https:\/\/thebuddhaproject.org\/fr\/wp-json\/wp\/v2\/comments?post=1577"}],"version-history":[{"count":4,"href":"https:\/\/thebuddhaproject.org\/fr\/wp-json\/wp\/v2\/pages\/1577\/revisions"}],"predecessor-version":[{"id":2635,"href":"https:\/\/thebuddhaproject.org\/fr\/wp-json\/wp\/v2\/pages\/1577\/revisions\/2635"}],"wp:attachment":[{"href":"https:\/\/thebuddhaproject.org\/fr\/wp-json\/wp\/v2\/media?parent=1577"}],"curies":[{"name":"wp","href":"https:\/\/api.w.org\/{rel}","templated":true}]}}