
{"id":1580,"date":"2023-12-29T03:41:00","date_gmt":"2023-12-29T03:41:00","guid":{"rendered":"https:\/\/thebuddhaproject.org\/projet-burning-bush\/"},"modified":"2024-01-30T16:50:19","modified_gmt":"2024-01-30T16:50:19","slug":"projet-burning-bush","status":"publish","type":"page","link":"https:\/\/thebuddhaproject.org\/fr\/projet-burning-bush\/","title":{"rendered":"Projet Burning Bush"},"content":{"rendered":"\n<div class=\"wp-block-group has-global-padding is-layout-constrained wp-container-core-group-is-layout-7db9d80f wp-block-group-is-layout-constrained\" style=\"padding-right:0;padding-left:0\"><div\t\tclass=\"wp-block-advanced-columns-columns-768f0c625084cbd436e5872799777be1 wp-block-advanced-columns-columns\">\n\t\n<div\n\t\tclass=\"wp-block-advanced-columns-column-da839cc58002d860bdb768e64f68f6aa wp-block-advanced-columns-column\">\n\t\n\n<p class=\"has-black-color has-text-color has-link-color has-3-font-size wp-elements-e5f39058058aa647ace8ec657ee75686\" style=\"margin-bottom:0\">La tension de l&rsquo;imp\u00e9ratif moral de Socrate, selon lequel la vie non examin\u00e9e ne vaut pas la peine d&rsquo;\u00eatre v\u00e9cue, est renforc\u00e9e par l&rsquo;insistance d&rsquo;Hannah Arendt sur le fait que le mal provient d&rsquo;une incapacit\u00e9 \u00e0 penser. Ces affirmations r\u00e9futent la notion selon laquelle les contemplatifs seraient des individus isol\u00e9s, d\u00e9connect\u00e9s du monde. Elle nous rappelle plut\u00f4t que les traditions contemplatives \u00e9taient autrefois fermement plac\u00e9es au c\u0153ur de la soci\u00e9t\u00e9.  <\/p>\n\n\n\n<p class=\"has-black-2-color has-text-color has-link-color wp-elements-695eedf4a63501829c5b24139cc8de15\">Non seulement leurs explorations de ce que signifie \u00eatre humain, responsable et conscient ont donn\u00e9 un sens \u00e0 la vie, mais leur questionnement p\u00e9n\u00e9trant s&rsquo;est av\u00e9r\u00e9 un puissant r\u00e9quisitoire contre la violence irr\u00e9fl\u00e9chie et arbitraire de l&rsquo;autosatisfaction insensible et de la passivit\u00e9 face \u00e0 de tels actes r\u00e9pr\u00e9hensibles.<\/p>\n\n\n\n<p class=\"has-black-2-color has-text-color has-link-color wp-elements-bf8ed894d7df4c9fd6c75d37b4e0e14d\">Parcourant la fronti\u00e8re entre la nature sauvage et la ville, entre le silence et la proph\u00e9tie, ces hommes et ces femmes aux sentiments farouches ont cherch\u00e9 \u00e0 comprendre la nature ultime de notre existence, ont t\u00e9moign\u00e9 de l&rsquo;injustice et de la souffrance, et ont dit la v\u00e9rit\u00e9 au pouvoir et aux faux-semblants. En endurant les \u00e9preuves avec autodiscipline, ils sont all\u00e9s au-del\u00e0 du confort du foyer et de la tradition, au-del\u00e0 de la s\u00e9curit\u00e9 de la doctrine et de l&rsquo;opinion, vers une connaissance directe et lib\u00e9ratrice, pour les autres et pour eux-m\u00eames.<\/p>\n\n\n\n<p class=\"has-black-2-color has-text-color has-link-color wp-elements-f072ed784699df871685d5aae12f6ccf\">Bien que leurs noms varient et que leurs visions du monde puissent sembler diff\u00e9rer de mani\u00e8re insurmontable, ces Bhikshus et Bhikshunis, Soufis, Proph\u00e8tes, Philosophes, Sadhus et Fr\u00e8res, la\u00efcs et monastiques, remplissaient dans leurs soci\u00e9t\u00e9s respectives des fonctions non seulement \u00e9tonnamment similaires, mais aussi apparemment aussi n\u00e9cessaires que les mitochondries dans une cellule. Leurs communaut\u00e9s constituaient des alternatives aux cultures de la cupidit\u00e9 et de la violence, et un frein aux caprices des dirigeants. En ces temps de destruction de l&rsquo;environnement, d&rsquo;in\u00e9galit\u00e9s sans pr\u00e9c\u00e9dent, de \u00ab\u00a0fake news\u00a0\u00bb et d&rsquo;injustice syst\u00e9mique, le r\u00f4le de ces chercheurs de v\u00e9rit\u00e9 et de ces orateurs n&rsquo;a jamais \u00e9t\u00e9 aussi pertinent.<\/p>\n\n\t\t<\/div>\n\n\n<div\n\t\tclass=\"wp-block-advanced-columns-column-3f90a3369c74b8d754d44a6fb46e45d0 wp-block-advanced-columns-column\">\n\t\n\n<figure class=\"wp-block-image aligncenter size-full\"><img loading=\"lazy\" decoding=\"async\" width=\"1094\" height=\"1500\" src=\"https:\/\/thebuddhaproject.org\/wp-content\/uploads\/2024\/01\/tbp-bbp.jpg\" alt=\"\" class=\"wp-image-1026\" srcset=\"https:\/\/thebuddhaproject.org\/wp-content\/uploads\/2024\/01\/tbp-bbp.jpg 1094w, https:\/\/thebuddhaproject.org\/wp-content\/uploads\/2024\/01\/tbp-bbp-219x300.jpg 219w, https:\/\/thebuddhaproject.org\/wp-content\/uploads\/2024\/01\/tbp-bbp-747x1024.jpg 747w, https:\/\/thebuddhaproject.org\/wp-content\/uploads\/2024\/01\/tbp-bbp-768x1053.jpg 768w\" sizes=\"auto, (max-width: 1094px) 100vw, 1094px\" \/><\/figure>\n\n\t\t<\/div>\n\n\t\t<\/div>\n<\/div>\n\n<h2 class=\"wp-block-heading has-black-color has-text-color has-link-color has-9-font-size wp-elements-af58d0b3cca06a0d16bb48f2e8c98cf6\" style=\"margin-top:var(--wp--preset--spacing--20);margin-bottom:var(--wp--preset--spacing--20)\">Blog<\/h2>\n\t<div class=\"tbp-alt-blog-post-slider-block\">\n\t\t<div class=\"tbp-alt-blog-post-slider-block__slider-container\">\n\t\t\t<div class=\"tbp-alt-blog-post-slider-block__slider swiper\">\n\t\t\t\t<div class=\"tbp-alt-blog-post-slider-block__slider-wrapper swiper-wrapper\">\n\t\t\t\t\t\t\t\t\t\t\t<div class=\"tbp-alt-blog-post-slider-block__slide swiper-slide\">\n\t\t\t\t\t\t\t<div class=\"tbp-alt-blog-post-slide-content__header\">\n\t\t\t\t\t\t\t\t<div>\n\t\t\t\t\t\t\t\t\t<span class=\"tbp-alt-blog-post-slider-block__publish-date\">23.01.2024<\/span> | <span class=\"tbp-alt-blog-post-slider-block__project-id\">bbp<\/span>\n\t\t\t\t\t\t\t\t<\/div>\n\t\t\t\t\t\t\t\t<div class=\"tbp-alt-blog-post-slide-content__author\">\n\t\t\t\t\t\t\t\t\t<img alt='' src='https:\/\/thebuddhaproject.org\/wp-content\/uploads\/avatars\/7\/1706017996-bpfull.jpg' srcset='https:\/\/thebuddhaproject.org\/wp-content\/uploads\/avatars\/7\/1706017996-bpfull.jpg 2x' class='avatar avatar-96 photo' height='96' width='96' \/>\t\t\t\t\t\t\t\t\tVen. Gendun\t\t\t\t\t\t\t\t<\/div>\n\t\t\t\t\t\t\t<\/div>\n\t\t\t\t\t\t\t<div class=\"tbp-alt-blog-post-slide-content__text-content\">\n\t\t\t\t\t\t\t\t<p class=\"tbp-alt-blog-post-slide-content__title\">Visite de l&rsquo;archev\u00eaque de Canterbury \u00e0 la Cath\u00e9drale de la Paix de Tbilissi<\/p>\n\t\t\t\t\t\t\t\t<p class=\"tbp-alt-blog-post-slider-block__excerpt\">Nous avons re\u00e7u la visite de l&rsquo;archev\u00eaque de Canterbury, qui a \u00e9t\u00e9 tr\u00e8s impressionn\u00e9 par la cath\u00e9drale de la paix de Tbilissi et ses \u0153uvres. Nous avons pri\u00e9 ensemble pour la fin du cercle vicieux des conflits et l&rsquo;amour de nos \u00ab\u00a0ennemis\u00a0\u00bb, avec des repr\u00e9sentants de diverses confessions chr\u00e9tiennes, musulmanes et yazidies, apr\u00e8s quoi nous [&hellip;]<\/p>\n\t\t\t\t\t\t\t<\/div>\n\t\t\t\t\t\t\t<div class=\"tbp-alt-blog-post-slide-content__footer\">\n\t\t\t\t\t\t\t\t<a class=\"tbp-alt-blog-post-slide-content__read-more\" href=\"https:\/\/thebuddhaproject.org\/fr\/bbp\/visite-de-larcheveque-de-canterbury-a-la-cathedrale-de-la-paix-de-tbilissi\/\">Read more&#8230;<\/a>\n\t\t\t\t\t\t\t<\/div>\n\t\t\t\t\t\t<\/div>\n\t\t\t\t\t\t\t\t\t\t\t<div class=\"tbp-alt-blog-post-slider-block__slide swiper-slide\">\n\t\t\t\t\t\t\t<div class=\"tbp-alt-blog-post-slide-content__header\">\n\t\t\t\t\t\t\t\t<div>\n\t\t\t\t\t\t\t\t\t<span class=\"tbp-alt-blog-post-slider-block__publish-date\">23.01.2024<\/span> | <span class=\"tbp-alt-blog-post-slider-block__project-id\">bbp<\/span>\n\t\t\t\t\t\t\t\t<\/div>\n\t\t\t\t\t\t\t\t<div class=\"tbp-alt-blog-post-slide-content__author\">\n\t\t\t\t\t\t\t\t\t<img alt='' src='https:\/\/thebuddhaproject.org\/wp-content\/uploads\/avatars\/7\/1706017996-bpfull.jpg' srcset='https:\/\/thebuddhaproject.org\/wp-content\/uploads\/avatars\/7\/1706017996-bpfull.jpg 2x' class='avatar avatar-96 photo' height='96' width='96' \/>\t\t\t\t\t\t\t\t\tVen. Gendun\t\t\t\t\t\t\t\t<\/div>\n\t\t\t\t\t\t\t<\/div>\n\t\t\t\t\t\t\t<div class=\"tbp-alt-blog-post-slide-content__text-content\">\n\t\t\t\t\t\t\t\t<p class=\"tbp-alt-blog-post-slide-content__title\">Deux s\u0153urs et d&rsquo;anciennes chansons g\u00e9orgiennes<\/p>\n\t\t\t\t\t\t\t\t<p class=\"tbp-alt-blog-post-slider-block__excerpt\">Quelle chance d&rsquo;avoir deux s\u0153urs octog\u00e9naires qui vous donnent un concert d&rsquo;anciennes chansons g\u00e9orgiennes sur J\u00e9sus et la Vierge Marie ! Ma m\u00e8re en r\u00e9citait toujours une autre : \u00ab\u00a0O Dame de la Paix Mentale, M\u00e8re de la Tranquillit\u00e9 et M\u00e8re de l&rsquo;Esp\u00e9rance, regarde-moi en ce temps de faiblesse et d&rsquo;agitation. Apprends \u00e0 mon c\u0153ur [&hellip;]<\/p>\n\t\t\t\t\t\t\t<\/div>\n\t\t\t\t\t\t\t<div class=\"tbp-alt-blog-post-slide-content__footer\">\n\t\t\t\t\t\t\t\t<a class=\"tbp-alt-blog-post-slide-content__read-more\" href=\"https:\/\/thebuddhaproject.org\/fr\/bbp\/deux-soeurs-et-danciennes-chansons-georgiennes\/\">Read more&#8230;<\/a>\n\t\t\t\t\t\t\t<\/div>\n\t\t\t\t\t\t<\/div>\n\t\t\t\t\t\t\t\t\t\t\t<div class=\"tbp-alt-blog-post-slider-block__slide swiper-slide\">\n\t\t\t\t\t\t\t<div class=\"tbp-alt-blog-post-slide-content__header\">\n\t\t\t\t\t\t\t\t<div>\n\t\t\t\t\t\t\t\t\t<span class=\"tbp-alt-blog-post-slider-block__publish-date\">23.01.2024<\/span> | <span class=\"tbp-alt-blog-post-slider-block__project-id\">bbp<\/span>\n\t\t\t\t\t\t\t\t<\/div>\n\t\t\t\t\t\t\t\t<div class=\"tbp-alt-blog-post-slide-content__author\">\n\t\t\t\t\t\t\t\t\t<img alt='' src='https:\/\/thebuddhaproject.org\/wp-content\/uploads\/avatars\/7\/1706017996-bpfull.jpg' srcset='https:\/\/thebuddhaproject.org\/wp-content\/uploads\/avatars\/7\/1706017996-bpfull.jpg 2x' class='avatar avatar-96 photo' height='96' width='96' \/>\t\t\t\t\t\t\t\t\tVen. Gendun\t\t\t\t\t\t\t\t<\/div>\n\t\t\t\t\t\t\t<\/div>\n\t\t\t\t\t\t\t<div class=\"tbp-alt-blog-post-slide-content__text-content\">\n\t\t\t\t\t\t\t\t<p class=\"tbp-alt-blog-post-slide-content__title\">Veill\u00e9e de pri\u00e8re de lamentation dans la Cath\u00e9drale de la Paix<\/p>\n\t\t\t\t\t\t\t\t<p class=\"tbp-alt-blog-post-slider-block__excerpt\">Le 15 novembre, j&rsquo;ai dirig\u00e9 la veill\u00e9e de pri\u00e8re de lamentation dans la cath\u00e9drale de la paix, en \u00e9voquant la souffrance de tous les \u00eatres vivants, mais ce soir, plus particuli\u00e8rement ceux d&rsquo;Isra\u00ebl\/Palestine, d&rsquo;Ukraine, d&rsquo;Arm\u00e9nie, du Mali, du Soudan, du Myanmar, afin de rendre concret l&rsquo;oc\u00e9an cyclique de la souffrance. Nous avons r\u00e9cit\u00e9 les Lamentations [&hellip;]<\/p>\n\t\t\t\t\t\t\t<\/div>\n\t\t\t\t\t\t\t<div class=\"tbp-alt-blog-post-slide-content__footer\">\n\t\t\t\t\t\t\t\t<a class=\"tbp-alt-blog-post-slide-content__read-more\" href=\"https:\/\/thebuddhaproject.org\/fr\/bbp\/veillee-de-priere-de-lamentation-dans-la-cathedrale-de-la-paix\/\">Read more&#8230;<\/a>\n\t\t\t\t\t\t\t<\/div>\n\t\t\t\t\t\t<\/div>\n\t\t\t\t\t\t\t\t\t\t\t\t\t\t<\/div>\n\t\t\t<\/div>\n\t\t<\/div>\n\t<\/div>\n\n<div class=\"wp-block-group alignfull has-black-background-color has-background has-global-padding is-layout-constrained wp-container-core-group-is-layout-d1238dfe wp-block-group-is-layout-constrained\" style=\"margin-top:var(--wp--preset--spacing--30);padding-top:var(--wp--preset--spacing--20);padding-bottom:var(--wp--preset--spacing--20)\">\n<p class=\"has-text-align-center has-yellow-1-color has-text-color has-link-color has-public-sans-font-family has-3-font-size wp-elements-33f5b255c2c0da2278c3dedf0b469cd8\">FOCUS<\/p>\n\n\n\n<p class=\"has-text-align-center has-white-color has-text-color has-link-color has-feijoa-medium-font-family has-5-font-size wp-elements-1e0eb20ebe55d16faf8aed5c5a9b1bd3\">Un espace partag\u00e9 o\u00f9 chaque approche est appr\u00e9ci\u00e9e non seulement pour ses points de vue, ses id\u00e9es et ses outils, mais aussi pour la possibilit\u00e9 de dissonance cognitive et la volont\u00e9 de remettre en question des croyances et des hypoth\u00e8ses incontest\u00e9es.<\/p>\n<\/div>\n<div\t\tclass=\"wp-block-advanced-columns-columns-3a4c9828aa730d388824a4e583659ed0 alignfull wp-block-advanced-columns-columns\">\n\t\n<div\n\t\tstyle=\"background-color:#ffffff;\" class=\"wp-block-advanced-columns-column-2239807b921b18380b653b82489f9ed4 wp-block-advanced-columns-column has-background\">\n\t\n\n<div class=\"wp-block-group is-layout-flow wp-block-group-is-layout-flow\" style=\"padding-right:0;padding-left:0\">\n<h2 class=\"wp-block-heading has-red-1-color has-text-color has-link-color wp-elements-0e21cad78990b8ac3910445d86656d57\" style=\"margin-bottom:var(--wp--preset--spacing--20);padding-right:var(--wp--preset--spacing--30)\">Mettre l&rsquo;accent sur la pratique et la participation plut\u00f4t que sur le dialogue comparatif<\/h2>\n\n\n\n<p class=\"has-black-2-color has-text-color has-link-color wp-elements-2a88befcbc5773971e396428b4babfd0\">En collaborant avec diff\u00e9rents leaders contemplatifs et leurs r\u00e9seaux, le Burning Bush Project cherche \u00e0 agir comme un point de connexion entre des r\u00e9seaux autrement disparates.<br\/><br\/>Notre objectif est d&rsquo;explorer les moyens de promouvoir la vie examin\u00e9e, de cr\u00e9er de nouveaux cadres de valeur dans un monde mat\u00e9rialiste et consum\u00e9riste, et de nous engager activement sur le plan social.<br\/><br\/>Essentiellement, nous visons \u00e0 joindre le geste \u00e0 la parole, et pas seulement \u00e0 parler. Le projet Burning Bush vise \u00e0 mettre en valeur des initiatives provenant d&rsquo;horizons divers, tant religieux que la\u00efques,<\/p>\n<\/div>\n\n\t\t<\/div>\n\n\n<div\n\t\tclass=\"wp-block-advanced-columns-column-de8f4d32d1ffd819a6ff1f5796678d28 wp-block-advanced-columns-column has-background has-green-2-background-color\">\n\t\n\n<div class=\"wp-block-group has-global-padding is-layout-constrained wp-container-core-group-is-layout-9a5e0684 wp-block-group-is-layout-constrained\" style=\"padding-right:0;padding-left:0\">\n<p class=\"has-black-color has-text-color has-link-color has-5-font-size wp-elements-c56146006a5ce86dacc2bfc6acc36c2b\" style=\"padding-right:var(--wp--preset--spacing--40);padding-left:var(--wp--preset--spacing--40)\">Aider les contemplatifs \u00e0 se sentir moins isol\u00e9s et les inviter \u00e0 participer, par le biais de r\u00e9seaux d&rsquo;amiti\u00e9, aux projets de chacun, afin qu&rsquo;ensemble nous puissions apporter une contribution significative \u00e0 notre plan\u00e8te.<\/p>\n<\/div>\n\n\t<picture class=wp-block-advanced-columns-column__background><source media=\"(max-width:1200px)\" srcset=\"https:\/\/thebuddhaproject.org\/wp-content\/uploads\/2023\/12\/pink-motif.png\" \/><img decoding=\"async\" src=\"https:\/\/thebuddhaproject.org\/wp-content\/uploads\/2023\/12\/pink-motif.png\" alt=\"\" \/><\/picture>\t<\/div>\n\n\t\t<\/div>\n<div\t\tclass=\"wp-block-advanced-columns-columns-35ad596aaf616b5474abe9abca875022 alignfull wp-block-advanced-columns-columns\">\n\t\n<div\n\t\tclass=\"wp-block-advanced-columns-column-82b9eae463d1166bfbea5c2ad6b0d1a4 wp-block-advanced-columns-column\">\n\t\n\n<h2 class=\"wp-block-heading has-blue-1-color has-text-color has-link-color has-feijoa-medium-font-family wp-elements-85820f5b541ba546a1ab127f273ebb2c\" style=\"margin-bottom:var(--wp--preset--spacing--20);padding-right:var(--wp--preset--spacing--40);font-style:normal;font-weight:400\">L&rsquo;\u00e9v\u00eaque Malkhaz Songulashvili et le projet de paix<\/h2>\n\n\n\n<figure class=\"wp-block-image size-full is-resized\"><img loading=\"lazy\" decoding=\"async\" width=\"657\" height=\"301\" src=\"https:\/\/thebuddhaproject.org\/wp-content\/uploads\/2024\/01\/Bishop-Malkhaz.jpg\" alt=\"\" class=\"wp-image-853\" style=\"width:643px;height:auto\" srcset=\"https:\/\/thebuddhaproject.org\/wp-content\/uploads\/2024\/01\/Bishop-Malkhaz.jpg 657w, https:\/\/thebuddhaproject.org\/wp-content\/uploads\/2024\/01\/Bishop-Malkhaz-300x137.jpg 300w\" sizes=\"auto, (max-width: 657px) 100vw, 657px\" \/><\/figure>\n\n\n\n<p class=\"has-black-2-color has-text-color has-link-color has-public-sans-font-family wp-elements-3bf85dcdc3640b2877ca41fe3bb9b4c9\">Fr\u00e8re Malkhaz &#8211; \u00c9v\u00eaque de la cath\u00e9drale \u00e9vang\u00e9lique baptiste de la paix (Tbilissi, G\u00e9orgie)<\/p>\n\n\t\t<\/div>\n\n\n<div\n\t\tclass=\"wp-block-advanced-columns-column-855c4e82dce5a8eee5e9237e8016b7dc wp-block-advanced-columns-column\">\n\t\n\n<p>Cette institution importante et unique a \u00e9t\u00e9 fond\u00e9e au d\u00e9but des ann\u00e9es 1990, en tant que bastion de la libert\u00e9 religieuse, de la justice sociale et du dialogue interconfessionnel. Elle a jou\u00e9 un r\u00f4le dans la d\u00e9fense de la paix en p\u00e9riode de conflit dans la r\u00e9gion et a encourag\u00e9 le dialogue et la r\u00e9conciliation.<\/p>\n\n\n\n<p>En outre, la cath\u00e9drale de la paix s&rsquo;est \u00e9galement engag\u00e9e dans des actions humanitaires, notamment aupr\u00e8s des communaut\u00e9s vuln\u00e9rables et marginalis\u00e9es.<br\/>Pour leur travail inestimable, l&rsquo;\u00e9v\u00eaque Malkhaz Songulashvili et la communaut\u00e9 de la cath\u00e9drale de la paix ont re\u00e7u une reconnaissance internationale.<\/p>\n\n\t\t<\/div>\n\n\n<div\n\t\tclass=\"wp-block-advanced-columns-column-e88defdf0ccd704a32793cf40ecbafc8 wp-block-advanced-columns-column\">\n\t\n\n<p>La cath\u00e9drale de la paix est d\u00e9sormais compl\u00e9t\u00e9e par la mosqu\u00e9e de la paix, la synagogue de la paix et le vihara bouddhiste de la paix sous un m\u00eame toit. Ce dernier a \u00e9t\u00e9 inaugur\u00e9 et b\u00e9ni par le V\u00e9n. Losang Gendun en novembre 2023.<\/p>\n\n\t\t<\/div>\n\n\t\t<\/div>\n","protected":false},"excerpt":{"rendered":"<p>Blog FOCUS Un espace partag\u00e9 o\u00f9 chaque approche est appr\u00e9ci\u00e9e non seulement pour ses points de vue, ses id\u00e9es et ses outils, mais aussi pour la possibilit\u00e9 de dissonance cognitive et la volont\u00e9 de remettre en question des croyances et des hypoth\u00e8ses incontest\u00e9es.<\/p>\n","protected":false},"author":1,"featured_media":0,"parent":0,"menu_order":0,"comment_status":"closed","ping_status":"closed","template":"","meta":{"_acf_changed":false,"_bbp_topic_count":0,"_bbp_reply_count":0,"_bbp_total_topic_count":0,"_bbp_total_reply_count":0,"_bbp_voice_count":0,"_bbp_anonymous_reply_count":0,"_bbp_topic_count_hidden":0,"_bbp_reply_count_hidden":0,"_bbp_forum_subforum_count":0,"footnotes":""},"class_list":["post-1580","page","type-page","status-publish","hentry"],"acf":[],"_links":{"self":[{"href":"https:\/\/thebuddhaproject.org\/fr\/wp-json\/wp\/v2\/pages\/1580","targetHints":{"allow":["GET"]}}],"collection":[{"href":"https:\/\/thebuddhaproject.org\/fr\/wp-json\/wp\/v2\/pages"}],"about":[{"href":"https:\/\/thebuddhaproject.org\/fr\/wp-json\/wp\/v2\/types\/page"}],"author":[{"embeddable":true,"href":"https:\/\/thebuddhaproject.org\/fr\/wp-json\/wp\/v2\/users\/1"}],"replies":[{"embeddable":true,"href":"https:\/\/thebuddhaproject.org\/fr\/wp-json\/wp\/v2\/comments?post=1580"}],"version-history":[{"count":1,"href":"https:\/\/thebuddhaproject.org\/fr\/wp-json\/wp\/v2\/pages\/1580\/revisions"}],"predecessor-version":[{"id":1581,"href":"https:\/\/thebuddhaproject.org\/fr\/wp-json\/wp\/v2\/pages\/1580\/revisions\/1581"}],"wp:attachment":[{"href":"https:\/\/thebuddhaproject.org\/fr\/wp-json\/wp\/v2\/media?parent=1580"}],"curies":[{"name":"wp","href":"https:\/\/api.w.org\/{rel}","templated":true}]}}