
{"id":1582,"date":"2023-12-31T06:02:17","date_gmt":"2023-12-31T06:02:17","guid":{"rendered":"https:\/\/thebuddhaproject.org\/projet-de-recherche-sur-le-bouddha\/"},"modified":"2024-02-15T19:58:53","modified_gmt":"2024-02-15T19:58:53","slug":"projet-de-recherche-sur-le-bouddha","status":"publish","type":"page","link":"https:\/\/thebuddhaproject.org\/fr\/projet-de-recherche-sur-le-bouddha\/","title":{"rendered":"Projet de recherche sur le bouddha"},"content":{"rendered":"\n<div class=\"wp-block-group has-global-padding is-layout-constrained wp-container-core-group-is-layout-7db9d80f wp-block-group-is-layout-constrained\" style=\"padding-right:0;padding-left:0\"><div\t\tclass=\"wp-block-advanced-columns-columns-6cb5b65ccc208ba047e125af50f4cdad wp-block-advanced-columns-columns\">\n\t\n<div\n\t\tclass=\"wp-block-advanced-columns-column-da839cc58002d860bdb768e64f68f6aa wp-block-advanced-columns-column\">\n\t\n\n<p class=\"has-blue-1-color has-text-color has-link-color has-4-font-size wp-elements-fcbb261ae0f8edc7a1b71cf01b002d66\">Le Buddha Research Project est une plateforme de collaboration et de dialogue entre contemplatifs et scientifiques. L&rsquo;id\u00e9e est n\u00e9e lors d&rsquo;une conf\u00e9rence de Mind &amp; Life Europe. Il est apparu clairement que la recherche contemporaine ax\u00e9e sur la contemplation et la m\u00e9ditation pouvait \u00eatre consid\u00e9rablement am\u00e9lior\u00e9e.<\/p>\n\n\n\n<div class=\"wp-block-group has-pink-1-background-color has-background is-layout-flow wp-block-group-is-layout-flow\" style=\"border-radius:16px;margin-top:var(--wp--preset--spacing--40);padding-top:var(--wp--preset--spacing--20);padding-right:var(--wp--preset--spacing--20);padding-bottom:var(--wp--preset--spacing--20);padding-left:var(--wp--preset--spacing--20)\">\n<ul style=\"padding-top:0;padding-right:0;padding-bottom:0;padding-left:0\" class=\"is-style-large-spacing has-black-2-color has-text-color has-link-color wp-block-list wp-elements-a2ed9423fc6828223418b07e97410b45\">\n<li>La recherche est principalement ax\u00e9e sur la m\u00e9ditation et les m\u00e9ditants, mais les connaissances acquises gr\u00e2ce \u00e0 la m\u00e9ditation sont rarement explor\u00e9es.<\/li>\n\n\n\n<li>Les contemplatifs fonctionnent g\u00e9n\u00e9ralement comme des objets d&rsquo;observation, alors que le fait de travailler en tant que partenaires \u00e9gaux de la recherche apporterait une grande valeur ajout\u00e9e.<\/li>\n\n\n\n<li>La recherche tend \u00e0 souligner les effets de la pleine conscience sur le cerveau et les \u00e9tats de bien-\u00eatre. Le vaste contexte \u00e9thique, psychologique et m\u00e9taphysique est rarement pris en compte. Dans les contextes traditionnels, la pleine conscience est rarement pratiqu\u00e9e comme une fin en soi, mais plut\u00f4t comme un moyen de d\u00e9velopper la perspicacit\u00e9 et les comp\u00e9tences \u00e9motionnelles.<\/li>\n\n\n\n<li>Les chercheurs et les contemplatifs font souvent l&rsquo;exp\u00e9rience d&rsquo;un d\u00e9calage entre les perspectives m\u00e9taphysiques et le langage. Par exemple, le foss\u00e9 conceptuel entre la perspective r\u00e9ductionniste de la science et les perspectives non-dualistes ou d\u00e9constructionnistes des contemplatifs. La cr\u00e9ation d&rsquo;un espace commun par le biais d&rsquo;un dialogue d&rsquo;\u00e9gal \u00e0 \u00e9gal peut grandement b\u00e9n\u00e9ficier \u00e0 l&rsquo;enrichissement mutuel et au r\u00e9sultat des \u00e9tudes.<\/li>\n<\/ul>\n<\/div>\n\n\t\t<\/div>\n\n\n<div\n\t\tclass=\"wp-block-advanced-columns-column-3f90a3369c74b8d754d44a6fb46e45d0 wp-block-advanced-columns-column\">\n\t\n\n<figure class=\"wp-block-image aligncenter size-full\"><img loading=\"lazy\" decoding=\"async\" width=\"1094\" height=\"1500\" src=\"https:\/\/thebuddhaproject.org\/wp-content\/uploads\/2024\/01\/tbp-brp.jpg\" alt=\"\" class=\"wp-image-1030\" srcset=\"https:\/\/thebuddhaproject.org\/wp-content\/uploads\/2024\/01\/tbp-brp.jpg 1094w, https:\/\/thebuddhaproject.org\/wp-content\/uploads\/2024\/01\/tbp-brp-219x300.jpg 219w, https:\/\/thebuddhaproject.org\/wp-content\/uploads\/2024\/01\/tbp-brp-747x1024.jpg 747w, https:\/\/thebuddhaproject.org\/wp-content\/uploads\/2024\/01\/tbp-brp-768x1053.jpg 768w\" sizes=\"auto, (max-width: 1094px) 100vw, 1094px\" \/><\/figure>\n\n\n\n<p class=\"is-style-default has-black-2-color has-text-color has-link-color wp-elements-9ab64a8ca2836429df324f6bc143bf9d\" style=\"margin-top:var(--wp--preset--spacing--20);margin-bottom:var(--wp--preset--spacing--20)\">&#8211; 2022 Mind &amp; Life European Summer Research Institute a accueilli la premi\u00e8re pr\u00e9sentation et le premier atelier du Buddha Research Project.<br\/><br\/>&#8211; 2023 Mind &amp; Life Europe re\u00e7oit le prix europ\u00e9en Varela pour un premier projet de recherche<\/p>\n\n\t\t<\/div>\n\n\t\t<\/div>\n<\/div>\n\n<h2 class=\"wp-block-heading has-black-color has-text-color has-link-color has-9-font-size wp-elements-af58d0b3cca06a0d16bb48f2e8c98cf6\" style=\"margin-top:var(--wp--preset--spacing--20);margin-bottom:var(--wp--preset--spacing--20)\">Blog<\/h2>\n\t<div class=\"tbp-alt-blog-post-slider-block\">\n\t\t<div class=\"tbp-alt-blog-post-slider-block__slider-container\">\n\t\t\t<div class=\"tbp-alt-blog-post-slider-block__slider swiper\">\n\t\t\t\t<div class=\"tbp-alt-blog-post-slider-block__slider-wrapper swiper-wrapper\">\n\t\t\t\t\t\t\t\t\t\t\t<div class=\"tbp-alt-blog-post-slider-block__slide swiper-slide\">\n\t\t\t\t\t\t\t<div class=\"tbp-alt-blog-post-slide-content__header\">\n\t\t\t\t\t\t\t\t<div>\n\t\t\t\t\t\t\t\t\t<span class=\"tbp-alt-blog-post-slider-block__publish-date\">15.02.2024<\/span> | <span class=\"tbp-alt-blog-post-slider-block__project-id\">brp<\/span>\n\t\t\t\t\t\t\t\t<\/div>\n\t\t\t\t\t\t\t\t<div class=\"tbp-alt-blog-post-slide-content__author\">\n\t\t\t\t\t\t\t\t\t<img alt='' src='https:\/\/thebuddhaproject.org\/wp-content\/uploads\/avatars\/7\/1706017996-bpfull.jpg' srcset='https:\/\/thebuddhaproject.org\/wp-content\/uploads\/avatars\/7\/1706017996-bpfull.jpg 2x' class='avatar avatar-96 photo' height='96' width='96' \/>\t\t\t\t\t\t\t\t\tVen. Gendun\t\t\t\t\t\t\t\t<\/div>\n\t\t\t\t\t\t\t<\/div>\n\t\t\t\t\t\t\t<div class=\"tbp-alt-blog-post-slide-content__text-content\">\n\t\t\t\t\t\t\t\t<p class=\"tbp-alt-blog-post-slide-content__title\">Nos deux premiers projets<\/p>\n\t\t\t\t\t\t\t\t<p class=\"tbp-alt-blog-post-slider-block__excerpt\">Le projet de recherche Buddha a la chance d&rsquo;accueillir actuellement deux projets de recherche. Le premier, r\u00e9alis\u00e9 par Nicolas Pellerin et Liudmila Gamaiunova, se concentre actuellement sur le d\u00e9veloppement autod\u00e9clar\u00e9 du groupe actuel de Yogi Bootcampers et s&rsquo;\u00e9tendra \u00e0 un groupe plus important au cours de la deuxi\u00e8me ann\u00e9e. Cette recherche est men\u00e9e \u00e0 la [&hellip;]<\/p>\n\t\t\t\t\t\t\t<\/div>\n\t\t\t\t\t\t\t<div class=\"tbp-alt-blog-post-slide-content__footer\">\n\t\t\t\t\t\t\t\t<a class=\"tbp-alt-blog-post-slide-content__read-more\" href=\"https:\/\/thebuddhaproject.org\/fr\/brp\/nos-deux-premiers-projets\/\">Read more&#8230;<\/a>\n\t\t\t\t\t\t\t<\/div>\n\t\t\t\t\t\t<\/div>\n\t\t\t\t\t\t\t\t\t\t\t\t\t\t<\/div>\n\t\t\t<\/div>\n\t\t<\/div>\n\t<\/div>\n\n<div class=\"wp-block-group alignfull has-black-background-color has-background has-global-padding is-layout-constrained wp-container-core-group-is-layout-d1238dfe wp-block-group-is-layout-constrained\" style=\"margin-top:var(--wp--preset--spacing--30);padding-top:var(--wp--preset--spacing--20);padding-bottom:var(--wp--preset--spacing--20)\">\n<p class=\"has-text-align-center has-yellow-1-color has-text-color has-link-color has-public-sans-font-family has-3-font-size wp-elements-33f5b255c2c0da2278c3dedf0b469cd8\">FOCUS<\/p>\n\n\n\n<p class=\"has-text-align-center has-white-color has-text-color has-link-color has-feijoa-medium-font-family has-5-font-size wp-elements-7f17a50cbfefb915fc2d216cd3eccce0\">\u00c9tude des processus de transformation chez les m\u00e9ditants de longue dur\u00e9e et de leurs effets sur des sujets tels que la sant\u00e9 mentale, la perception, la s\u00e9miotique et l&rsquo;identit\u00e9 d&rsquo;une personne.<\/p>\n<\/div>\n<div\t\tclass=\"wp-block-advanced-columns-columns-3a4c9828aa730d388824a4e583659ed0 alignfull wp-block-advanced-columns-columns\">\n\t\n<div\n\t\tstyle=\"background-color:#ffffff;\" class=\"wp-block-advanced-columns-column-efd4ab3f7317761deae8932c3e50ce77 wp-block-advanced-columns-column has-background\">\n\t\n\n<div class=\"wp-block-group has-global-padding is-layout-constrained wp-container-core-group-is-layout-cb6b2b6d wp-block-group-is-layout-constrained\" style=\"padding-top:var(--wp--preset--spacing--20);padding-right:var(--wp--preset--spacing--20);padding-bottom:var(--wp--preset--spacing--20);padding-left:var(--wp--preset--spacing--20)\">\n<h2 class=\"wp-block-heading has-red-1-color has-text-color has-link-color wp-elements-3d2ad758bcc60895e2af01a00168643b\">Cinq objectifs principaux<\/h2>\n\n\n\n<ol style=\"padding-right:var(--wp--preset--spacing--10);padding-left:var(--wp--preset--spacing--10)\" class=\"is-style-default has-black-2-color has-text-color has-link-color wp-block-list wp-elements-ede4c33995d4648973cf1e2437a97548\">\n<li>Explorer des m\u00e9thodes non r\u00e9ductionnistes innovantes pour \u00e9tudier un large \u00e9ventail d&rsquo;effets de la m\u00e9ditation, et ce que ces connaissances peuvent apporter \u00e0 la compr\u00e9hension de nous-m\u00eames, de notre enracinement social et environnemental, et de la nature de notre r\u00e9alit\u00e9.<\/li>\n\n\n\n<li>Fournir aux chercheurs affili\u00e9s une plateforme de dialogue continu dans ce domaine et une large communaut\u00e9 de contemplatifs, afin d&rsquo;explorer conjointement les effets de formes plus avanc\u00e9es de m\u00e9ditation.<\/li>\n\n\n\n<li>Faciliter le d\u00e9veloppement d&rsquo;une communaut\u00e9 de chercheurs au fil du temps et leur permettre d&rsquo;enrichir le projet de recherche sur le bouddha gr\u00e2ce \u00e0 leurs projets de recherche et \u00e0 leurs contributions.<\/li>\n\n\n\n<li>D\u00e9velopper un langage interdisciplinaire, bas\u00e9 sur les travaux de Francesco Varela (neuroscientifique et fondateur de l&rsquo;Institut Mind &amp; Life), afin de faciliter et d&rsquo;am\u00e9liorer la communication entre les contemplatifs et les chercheurs.<\/li>\n\n\n\n<li>Chercher \u00e0 collaborer avec des initiatives similaires qui font le lien entre les mondes scientifique et contemplatif.<\/li>\n<\/ol>\n<\/div>\n\n\t\t<\/div>\n\n\n<div\n\t\tclass=\"wp-block-advanced-columns-column-9c170b202aae158ae3125aab106c4c86 wp-block-advanced-columns-column has-background has-green-2-background-color\">\n\t\n\n<div class=\"wp-block-group has-global-padding is-layout-constrained wp-container-core-group-is-layout-cb6b2b6d wp-block-group-is-layout-constrained\" style=\"padding-top:var(--wp--preset--spacing--20);padding-right:var(--wp--preset--spacing--20);padding-bottom:var(--wp--preset--spacing--20);padding-left:var(--wp--preset--spacing--20)\">\n<p class=\"has-black-color has-text-color has-link-color has-5-font-size wp-elements-f98180ab82364f7f2a6dda4f9025947c\">Les chercheurs Nicolas Pellerin (Facult\u00e9 de psychologie, Universit\u00e9 de N\u00eemes), Liudmila Gamaiunova (Facult\u00e9 des sciences sociales des religions, Universit\u00e9 de Lausanne) et le professeur bouddhiste Ven. Losang Gendun a mis en place un partenariat de collaboration pour r\u00e9pondre \u00e0 ces observations et d\u00e9velopper de nouvelles r\u00e9ponses.<\/p>\n<\/div>\n\n\t<picture class=wp-block-advanced-columns-column__background><source media=\"(max-width:1200px)\" srcset=\"https:\/\/thebuddhaproject.org\/wp-content\/uploads\/2023\/12\/pink-motif.png\" \/><img decoding=\"async\" src=\"https:\/\/thebuddhaproject.org\/wp-content\/uploads\/2023\/12\/pink-motif.png\" alt=\"\" \/><\/picture>\t<\/div>\n\n\t\t<\/div>\n","protected":false},"excerpt":{"rendered":"<p>Blog FOCUS \u00c9tude des processus de transformation chez les m\u00e9ditants de longue dur\u00e9e et de leurs effets sur des sujets tels que la sant\u00e9 mentale, la perception, la s\u00e9miotique et l&rsquo;identit\u00e9 d&rsquo;une personne.<\/p>\n","protected":false},"author":1,"featured_media":0,"parent":0,"menu_order":0,"comment_status":"closed","ping_status":"closed","template":"","meta":{"_acf_changed":false,"_bbp_topic_count":0,"_bbp_reply_count":0,"_bbp_total_topic_count":0,"_bbp_total_reply_count":0,"_bbp_voice_count":0,"_bbp_anonymous_reply_count":0,"_bbp_topic_count_hidden":0,"_bbp_reply_count_hidden":0,"_bbp_forum_subforum_count":0,"footnotes":""},"class_list":["post-1582","page","type-page","status-publish","hentry"],"acf":[],"_links":{"self":[{"href":"https:\/\/thebuddhaproject.org\/fr\/wp-json\/wp\/v2\/pages\/1582","targetHints":{"allow":["GET"]}}],"collection":[{"href":"https:\/\/thebuddhaproject.org\/fr\/wp-json\/wp\/v2\/pages"}],"about":[{"href":"https:\/\/thebuddhaproject.org\/fr\/wp-json\/wp\/v2\/types\/page"}],"author":[{"embeddable":true,"href":"https:\/\/thebuddhaproject.org\/fr\/wp-json\/wp\/v2\/users\/1"}],"replies":[{"embeddable":true,"href":"https:\/\/thebuddhaproject.org\/fr\/wp-json\/wp\/v2\/comments?post=1582"}],"version-history":[{"count":3,"href":"https:\/\/thebuddhaproject.org\/fr\/wp-json\/wp\/v2\/pages\/1582\/revisions"}],"predecessor-version":[{"id":2108,"href":"https:\/\/thebuddhaproject.org\/fr\/wp-json\/wp\/v2\/pages\/1582\/revisions\/2108"}],"wp:attachment":[{"href":"https:\/\/thebuddhaproject.org\/fr\/wp-json\/wp\/v2\/media?parent=1582"}],"curies":[{"name":"wp","href":"https:\/\/api.w.org\/{rel}","templated":true}]}}