
{"id":1587,"date":"2024-01-04T05:52:46","date_gmt":"2024-01-04T05:52:46","guid":{"rendered":"https:\/\/thebuddhaproject.org\/non-inscrit\/"},"modified":"2024-01-30T16:51:15","modified_gmt":"2024-01-30T16:51:15","slug":"non-inscrit","status":"publish","type":"page","link":"https:\/\/thebuddhaproject.org\/fr\/non-inscrit\/","title":{"rendered":"Non inscrit"},"content":{"rendered":"\n<div style=\"height:100px\" aria-hidden=\"true\" class=\"wp-block-spacer\"><\/div>\n\n<div class=\"wp-block-group has-global-padding is-layout-constrained wp-block-group-is-layout-constrained\">\n<p class=\"has-text-align-center has-7-font-size\">Vous n&rsquo;\u00eates pas inscrit \u00e0 ce cours. Veuillez contacter l&rsquo;un de nos centres partenaires pour vous inscrire et avoir acc\u00e8s au cours.<\/p>\n<\/div>\n\n<div style=\"height:100px\" aria-hidden=\"true\" class=\"wp-block-spacer\"><\/div>\n","protected":false},"excerpt":{"rendered":"<p>Vous n&rsquo;\u00eates pas inscrit \u00e0 ce cours. Veuillez contacter l&rsquo;un de nos centres partenaires pour vous inscrire et avoir acc\u00e8s au cours.<\/p>\n","protected":false},"author":1,"featured_media":0,"parent":0,"menu_order":0,"comment_status":"closed","ping_status":"closed","template":"","meta":{"_acf_changed":false,"_bbp_topic_count":0,"_bbp_reply_count":0,"_bbp_total_topic_count":0,"_bbp_total_reply_count":0,"_bbp_voice_count":0,"_bbp_anonymous_reply_count":0,"_bbp_topic_count_hidden":0,"_bbp_reply_count_hidden":0,"_bbp_forum_subforum_count":0,"footnotes":""},"class_list":["post-1587","page","type-page","status-publish","hentry"],"acf":[],"_links":{"self":[{"href":"https:\/\/thebuddhaproject.org\/fr\/wp-json\/wp\/v2\/pages\/1587","targetHints":{"allow":["GET"]}}],"collection":[{"href":"https:\/\/thebuddhaproject.org\/fr\/wp-json\/wp\/v2\/pages"}],"about":[{"href":"https:\/\/thebuddhaproject.org\/fr\/wp-json\/wp\/v2\/types\/page"}],"author":[{"embeddable":true,"href":"https:\/\/thebuddhaproject.org\/fr\/wp-json\/wp\/v2\/users\/1"}],"replies":[{"embeddable":true,"href":"https:\/\/thebuddhaproject.org\/fr\/wp-json\/wp\/v2\/comments?post=1587"}],"version-history":[{"count":3,"href":"https:\/\/thebuddhaproject.org\/fr\/wp-json\/wp\/v2\/pages\/1587\/revisions"}],"predecessor-version":[{"id":1590,"href":"https:\/\/thebuddhaproject.org\/fr\/wp-json\/wp\/v2\/pages\/1587\/revisions\/1590"}],"wp:attachment":[{"href":"https:\/\/thebuddhaproject.org\/fr\/wp-json\/wp\/v2\/media?parent=1587"}],"curies":[{"name":"wp","href":"https:\/\/api.w.org\/{rel}","templated":true}]}}