
{"id":1593,"date":"2024-01-04T00:58:45","date_gmt":"2024-01-04T00:58:45","guid":{"rendered":"https:\/\/thebuddhaproject.org\/retraites\/"},"modified":"2024-02-05T11:17:59","modified_gmt":"2024-02-05T11:17:59","slug":"retraites","status":"publish","type":"page","link":"https:\/\/thebuddhaproject.org\/fr\/retraites\/","title":{"rendered":"Retraites"},"content":{"rendered":"\n<div class=\"wp-block-group has-global-padding is-layout-constrained wp-container-core-group-is-layout-639b5052 wp-block-group-is-layout-constrained\" style=\"padding-top:0;padding-right:0;padding-bottom:0;padding-left:0\"><div\t\tclass=\"wp-block-advanced-columns-columns-c9a7845c7c7f2b0a73c1dfcf14ed62a6 wp-block-advanced-columns-columns\">\n\t\n<div\n\t\tclass=\"wp-block-advanced-columns-column-6e99f050f1570dd2a5afd4602c8369b5 wp-block-advanced-columns-column\">\n\t\n\n<p class=\"has-5-font-size\" style=\"padding-right:var(--wp--preset--spacing--50);padding-bottom:var(--wp--preset--spacing--20)\">Une retraite est une occasion unique de revigorer la profondeur de sa pratique en faisant plusieurs m\u00e9ditations de groupe quotidiennes dans un environnement silencieux, beau et inspirant, en ressentant les liens de l&rsquo;amiti\u00e9 spirituelle tout en suivant le rythme de soutien du gong.<\/p>\n\n\t\t<\/div>\n\n\n<div\n\t\tclass=\"wp-block-advanced-columns-column-bb45867fcc00c5ae928a813b24c06e44 wp-block-advanced-columns-column\">\n\t\n\n<figure class=\"wp-block-image aligncenter size-full is-resized\"><img loading=\"lazy\" decoding=\"async\" width=\"1094\" height=\"1500\" src=\"https:\/\/thebuddhaproject.org\/wp-content\/uploads\/2024\/01\/tbp-ret.jpg\" alt=\"\" class=\"wp-image-1042\" style=\"width:467px\" srcset=\"https:\/\/thebuddhaproject.org\/wp-content\/uploads\/2024\/01\/tbp-ret.jpg 1094w, https:\/\/thebuddhaproject.org\/wp-content\/uploads\/2024\/01\/tbp-ret-219x300.jpg 219w, https:\/\/thebuddhaproject.org\/wp-content\/uploads\/2024\/01\/tbp-ret-747x1024.jpg 747w, https:\/\/thebuddhaproject.org\/wp-content\/uploads\/2024\/01\/tbp-ret-768x1053.jpg 768w\" sizes=\"auto, (max-width: 1094px) 100vw, 1094px\" \/><\/figure>\n\n\t\t<\/div>\n\n\n<div\n\t\tclass=\"wp-block-advanced-columns-column-cc711cc5a047fab5fa62fabfdb1de4cd wp-block-advanced-columns-column\">\n\t\n<div\t\tstyle=\"background-color:#ffffff;\" class=\"wp-block-advanced-columns-columns-054592e831099b6bc43c0d8ec67a6269 wp-block-advanced-columns-columns has-background\">\n\t\n<div\n\t\tclass=\"wp-block-advanced-columns-column-9741f3264732d6128717ebac6aa8d9ce wp-block-advanced-columns-column\">\n\t\n\n<p class=\"has-black-2-color has-text-color has-link-color wp-elements-053c51bcda62e08212f841f60c1269ef\">Une retraite est un moment de concentration, de sentiment d&rsquo;appartenance \u00e0 une communaut\u00e9 et d&rsquo;inspiration \u00e9nergisante. Tout m\u00e9ditant a fait l&rsquo;exp\u00e9rience que sa pratique m\u00e9ditative est r\u00e9guli\u00e8rement mise \u00e0 mal par les pressions sociales, le manque de temps, l&rsquo;attrait de diverses distractions et l&rsquo;absence d&rsquo;un environnement favorable. Cela influe sur l&rsquo;intensit\u00e9 et la continuit\u00e9 de leur pratique, ce qui se traduit par un progr\u00e8s m\u00e9ditatif moindre.<\/p>\n\n\n\n<p class=\"has-black-2-color has-text-color has-link-color wp-elements-c7e17457833530c2093370a2b7b0b468\">En vous permettant de prendre le temps de faire une ou deux retraites par an, vous obtiendrez le soutien n\u00e9cessaire pour maintenir une pratique stable, et comme vous recevrez de nouveaux apports, vous serez en mesure d&rsquo;exp\u00e9rimenter de nouvelles perspectives et de raviver votre joie de m\u00e9diter. L&rsquo;opportunit\u00e9 d&rsquo;\u00eatre en contact direct avec un professeur exp\u00e9riment\u00e9 pendant une semaine ou plus est probablement son plus grand avantage. Une retraite vous donnera l&rsquo;occasion de vous arr\u00eater un moment pour vous concentrer sur l&rsquo;entra\u00eenement de votre esprit sans les turbulences et les pressions de votre vie quotidienne.<\/p>\n\n\t\t<\/div>\n\n\n<div\n\t\tclass=\"wp-block-advanced-columns-column-8cf8ea77d0abe11777ef797fc16489de wp-block-advanced-columns-column\">\n\t\n\n<div class=\"wp-block-group has-blue-3-background-color has-background has-global-padding is-layout-constrained wp-container-core-group-is-layout-2b72a2fa wp-block-group-is-layout-constrained\" style=\"border-radius:10px;padding-top:var(--wp--preset--spacing--20);padding-right:var(--wp--preset--spacing--10);padding-bottom:var(--wp--preset--spacing--20);padding-left:var(--wp--preset--spacing--10)\">\n<p class=\"has-text-align-center has-blue-1-color has-text-color has-link-color has-4-font-size wp-elements-6fc64e8042d26b0ba0aaac87a2b1c545\">Bienvenue aux <em>retraites !<\/em><\/p>\n\n\n\n<div class=\"wp-block-buttons is-content-justification-center is-layout-flex wp-container-core-buttons-is-layout-a89b3969 wp-block-buttons-is-layout-flex\">\n<div class=\"wp-block-button has-public-sans-font-family\"><a class=\"wp-block-button__link wp-element-button\" href=\"https:\/\/thebuddhaproject.org\/courses\/mahumudra-compassion\/\" style=\"border-radius:24px\">Commencer \u00e0 apprendre<\/a><\/div>\n<\/div>\n\n\n\n<p class=\"has-text-align-center is-style-no-underline has-link-color has-public-sans-font-family wp-elements-b0ce1b55836d4614a69b25f72ac86c8e\"><a href=\"https:\/\/thebuddhaproject.org\/sign-up\/\" data-type=\"page\" data-id=\"922\">S&rsquo;inscrire<\/a> aupr\u00e8s de l&rsquo;un des centres<\/p>\n<\/div>\n\n\t\t<\/div>\n\n\t\t<\/div>\n\n\t\t<\/div>\n\n\t\t<\/div>\n<\/div>\n\n<div class=\"wp-block-group alignfull has-black-background-color has-background has-global-padding is-layout-constrained wp-container-core-group-is-layout-2513aab3 wp-block-group-is-layout-constrained\" style=\"margin-bottom:0;padding-top:var(--wp--preset--spacing--20);padding-bottom:var(--wp--preset--spacing--20)\">\n<p class=\"has-text-align-center has-yellow-1-color has-text-color has-link-color has-public-sans-font-family has-3-font-size wp-elements-711e27790cf5b0dcaf49980a8312c99b\">3 TYPES DE RETRAITES<\/p>\n\n\n\n<p class=\"has-text-align-center has-white-color has-text-color has-link-color has-feijoa-medium-font-family has-5-font-size wp-elements-796b0c386415777a535d2fa758a22406\">Retreats cover 3 interconnected topics tailored to suit practitioners of varying skill levels. Il y a 4 retraites annuelles.<\/p>\n<\/div>\n<div\t\tstyle=\"border-top-width:1px;border-top-color:var(--wp--preset--color--green-2);\" class=\"wp-block-advanced-columns-columns-a29fa50d2aedd4ae9184cbf56e597a24 alignfull wp-block-advanced-columns-columns\">\n\t\n<div\n\t\tstyle=\"background-color:#ffffff;\" class=\"wp-block-advanced-columns-column-88be9a9f5f3e287cf4a5055b49315a78 wp-block-advanced-columns-column has-background\">\n\t\n<div\t\tstyle=\"border-radius:0px;\" class=\"wp-block-advanced-columns-columns-381e5fc4d2271800909d5266cc739f5e wp-block-advanced-columns-columns\">\n\t\n<div\n\t\tclass=\"wp-block-advanced-columns-column-b6fc2d5d0ece9cd88766201bb1045310 wp-block-advanced-columns-column has-background has-black-background-color\">\n\t\n\n<h2 class=\"wp-block-heading has-text-align-left has-text-color has-link-color has-5-font-size wp-elements-2e150ace35474a16b883d4f0c40d316f\" style=\"color:#f3dbaa\">Formation approfondie \u00e0 la m\u00e9ditation<\/h2>\n\n\t\t<\/div>\n\n\n<div\n\t\tstyle=\"background-color:#ffffff; border-bottom-left-radius:20px;border-bottom-right-radius:20px;\" class=\"wp-block-advanced-columns-column-40fd2494baac0f75a330b1c2ddf0363c wp-block-advanced-columns-column has-background\">\n\t\n\n<p class=\"has-black-2-color has-text-color has-link-color wp-elements-b62a67fa51d09a43a9d7a576f3f717b2\" style=\"padding-top:0;padding-right:0;padding-bottom:0;padding-left:0\">Vipassana est une forme de m\u00e9ditation bouddhiste qui se concentre sur le d\u00e9veloppement de la perspicacit\u00e9 ou de la \u00ab\u00a0vision claire\u00a0\u00bb de la vraie nature de la r\u00e9alit\u00e9. C&rsquo;est l&rsquo;une des formes de m\u00e9ditation les plus anciennes et les plus r\u00e9pandues dans la tradition bouddhiste.  <br\/><br\/>Le praticien observe la nature de son esprit et de son corps et apprend \u00e0 voir les choses telles qu&rsquo;elles sont r\u00e9ellement, sans les distorsions de ses propres pens\u00e9es, \u00e9motions et d\u00e9sirs.  <br\/><br\/>Ces retraites sont ax\u00e9es sur les m\u00e9thodes Vipassana de base, telles qu&rsquo;elles sont enseign\u00e9es dans la tradition Theravada de la for\u00eat du Myanmar, et s&rsquo;appuient sur une motivation profond\u00e9ment compatissante, \u00e0 savoir la volont\u00e9 de devenir \u00e9clair\u00e9 pour le bien-\u00eatre de tous les \u00eatres sensibles.<\/p>\n\n\t\t<\/div>\n\n\t\t<\/div>\n\n\t\t<\/div>\n\n\n<div\n\t\tstyle=\"background-color:#ffffff; border-right-width:1px;border-right-color:var(--wp--preset--color--green-2);border-left-width:1px;border-left-color:var(--wp--preset--color--green-2);\" class=\"wp-block-advanced-columns-column-88be9a9f5f3e287cf4a5055b49315a78 wp-block-advanced-columns-column has-background\">\n\t\n<div\t\tstyle=\"background-color:#ecf7ec;\" class=\"wp-block-advanced-columns-columns-381e5fc4d2271800909d5266cc739f5e wp-block-advanced-columns-columns has-background\">\n\t\n<div\n\t\tclass=\"wp-block-advanced-columns-column-b6fc2d5d0ece9cd88766201bb1045310 wp-block-advanced-columns-column has-background has-black-background-color\">\n\t\n\n<h2 class=\"wp-block-heading has-text-align-left has-text-color has-link-color has-5-font-size wp-elements-fd61f96df42eae267279ef4d77f24b29\" style=\"color:#f3dbaa\">Compassion et Lojong<\/h2>\n\n\t\t<\/div>\n\n\n<div\n\t\tstyle=\"background-color:#ffffff; border-bottom-left-radius:20px;border-bottom-right-radius:20px;\" class=\"wp-block-advanced-columns-column-40fd2494baac0f75a330b1c2ddf0363c wp-block-advanced-columns-column has-background\">\n\t\n\n<p class=\"has-black-2-color has-text-color has-link-color wp-elements-82395373508df1ec1c746f934240af3a\" style=\"padding-top:0;padding-right:0;padding-bottom:0;padding-left:0\">La pratique du lojong consiste \u00e0 utiliser les d\u00e9fis et les difficult\u00e9s de la vie quotidienne comme des occasions de transformer les \u00e9motions n\u00e9gatives en qualit\u00e9s positives.  <br\/><br\/>Ces retraites d&rsquo;entra\u00eenement de l&rsquo;esprit se concentrent sur une combinaison d&rsquo;entra\u00eenement \u00e0 la s\u00e9r\u00e9nit\u00e9 (shamatha) et de d\u00e9veloppement des quatre grandes qualit\u00e9s du c\u0153ur : l&rsquo;\u00e9quanimit\u00e9, la joie empathique, l&rsquo;amour et l&rsquo;attention compatissante.  <br\/><br\/>Ces quatre \u00e9l\u00e9ments incommensurables \u00ab\u00a0coulent comme des rivi\u00e8res dans le grand oc\u00e9an de la bodhicitta\u00a0\u00bb, l&rsquo;esprit altruiste de l&rsquo;\u00e9veil.<\/p>\n\n\t\t<\/div>\n\n\t\t<\/div>\n\n\t\t<\/div>\n\n\n<div\n\t\tstyle=\"background-color:#ffffff;\" class=\"wp-block-advanced-columns-column-88be9a9f5f3e287cf4a5055b49315a78 wp-block-advanced-columns-column has-background\">\n\t\n<div\t\tstyle=\"background-color:#ecf7ec;\" class=\"wp-block-advanced-columns-columns-381e5fc4d2271800909d5266cc739f5e wp-block-advanced-columns-columns has-background\">\n\t\n<div\n\t\tclass=\"wp-block-advanced-columns-column-b6fc2d5d0ece9cd88766201bb1045310 wp-block-advanced-columns-column has-background has-black-background-color\">\n\t\n\n<h2 class=\"wp-block-heading has-text-align-left has-text-color has-link-color has-5-font-size wp-elements-7076fe979f6a7058f417340cf4a4c8e2\" style=\"color:#f3dbaa\">Mahamudra<\/h2>\n\n\t\t<\/div>\n\n\n<div\n\t\tstyle=\"background-color:#ffffff;\" class=\"wp-block-advanced-columns-column-40fd2494baac0f75a330b1c2ddf0363c wp-block-advanced-columns-column has-background\">\n\t\n\n<p class=\"has-black-2-color has-text-color has-link-color wp-elements-7ef9ef83955ccbc5060e398a6c7d30bf\" style=\"padding-top:0;padding-right:0;padding-bottom:0;padding-left:0\">Le but du Mahamudra est de faire l&rsquo;exp\u00e9rience directe de la nature de l&rsquo;esprit, source de toute sagesse et de toute compassion. Mahamudra, ou \u00ab\u00a0grand sceau\u00a0\u00bb, fait r\u00e9f\u00e9rence \u00e0 la v\u00e9rit\u00e9 ultime selon laquelle tout ce qui existe dans le monde n&rsquo;a pas d&rsquo;essence fixe et ind\u00e9pendante, mais est interconnect\u00e9 et d\u00e9pend de diverses causes et conditions.  <br\/><br\/>Cette pratique de m\u00e9ditation profonde et avanc\u00e9e constitue l&rsquo;apog\u00e9e de l&rsquo;ensemble des m\u00e9thodes m\u00e9ditatives tib\u00e9taines. La m\u00e9ditation quotidienne ax\u00e9e sur la nature de l&rsquo;esprit sera renforc\u00e9e par l&rsquo;incorporation du Gaden Lha Gyema, une pratique de gourou yoga qui se situe \u00e0 l&rsquo;intersection des traditions du sutra et du tantra. Cette technique essentielle est une composante fondamentale de l&rsquo;\u00e9cole Gelug du bouddhisme tib\u00e9tain.<\/p>\n\n\t\t<\/div>\n\n\t\t<\/div>\n\n\t\t<\/div>\n\n\t\t<\/div>\n\n<div class=\"wp-block-cover alignfull is-light has-black-color has-text-color has-link-color wp-elements-6f4fe4775afe5104abdc3469cc64b2cc\" style=\"margin-top:0;margin-bottom:0;padding-top:var(--wp--preset--spacing--50);padding-right:0;padding-left:0\"><span aria-hidden=\"true\" class=\"wp-block-cover__background has-background-dim-0 has-background-dim\"><\/span><img loading=\"lazy\" decoding=\"async\" width=\"1359\" height=\"1163\" class=\"wp-block-cover__image-background wp-image-1793\" alt=\"\" src=\"https:\/\/thebuddhaproject.org\/wp-content\/uploads\/2024\/02\/ret-bg.svg\" style=\"object-position:45% 0%\" data-object-fit=\"cover\" data-object-position=\"45% 0%\"\/><div class=\"wp-block-cover__inner-container is-layout-flow wp-block-cover-is-layout-flow\"><div class=\"gb-container gb-container-34f9c204\">\n\n<h2 class=\"wp-block-heading has-text-align-center has-black-color has-text-color has-link-color has-public-sans-font-family has-9-font-size wp-elements-12561ac8ab047e4a6e7c398813ca9ed0\" style=\"margin-top:0;margin-bottom:0\">A venir<\/h2>\n\n\n\n<p class=\"has-text-align-center has-text-color has-link-color has-5-font-size wp-elements-c6a3340546d8c8ad77ab0f6869efe9b8\" style=\"color:#bc5554;margin-top:0;margin-bottom:0;line-height:1\">Retraites<\/p>\n\n<\/div>\n\n<div class=\"gb-container gb-container-2e0137b0\">\n<div class=\"gb-container gb-container-cab1989d\">\n\n<!-- Generate the markup -->\n<div class=\"tbp-events-grid-block\">\n\t\t\t<div class=\"tbp-events-grid-block-wrapper\">\n\t\t\t\t\t\t\t<div class=\"tbp-events-grid-block__event \">\n\t\t\t\t\t\t\t\t\t\t\t<a href=\"https:\/\/www.institutvajrayogini.fr\/pratiquer\/retraites\/de-la-lampe-a-la-lumiere-un-voyage-a-travers-le-lamrim-avec-ven-gendun\/\" class=\"tbp-events-grid-block__link\"><\/a>\n\t\t\t\t\t\t\t\t\t\t\t\t\t\t\t\t<img decoding=\"async\" class=\"tbp-events-grid-block__image\" src=\"https:\/\/thebuddhaproject.org\/wp-content\/uploads\/2025\/11\/5806_image_Atisha-banner.webp\" alt=\"\">\n\t\t\t\t\t\t\t\t\t\t<div class=\"tbp-events-grid-block__content\">\n\t\t\t\t\t\t<p class=\"tbp-events-grid-block__title\">De la lampe \u00e0 la lumi\u00e8re : un voyage \u00e0 travers Lamrim<\/p>\n\t\t\t\t\t\t<p class=\"tbp-events-grid-block__further-description\">Institut Vajrayogini, France<\/p>\n\t\t\t\t\t\t<p class=\"tbp-events-grid-block__description\">Retraite d&#039;un mois : une occasion rare d&#039;int\u00e9grer les \u00e9tapes du chemin, avec le soutien d&#039;un guide exp\u00e9riment\u00e9, d&#039;une pratique quotidienne structur\u00e9e et d&#039;une communaut\u00e9 de pratiquants sinc\u00e8res. Chaque dimanche Ven. Gendun commentera en profondeur les chapitres sur la tranquillit\u00e9 et la perspicacit\u00e9 sp\u00e9ciale du Lamrim m\u00e9dian de J\u00e9 Tsongkhapa. En anglais et en fran\u00e7ais. En ligne et en personne.  <\/p>\n\t\t\t\t\t<\/div>\n\t\t\t\t\t<div class=\"tbp-events-grid-block__event-footer\">\n\t\t\t\t\t\t<p class=\"tbp-events-grid-block__date\">31.05.2026<\/p>\n\t\t\t\t\t\t<div class=\"tbp-events-grid-block__pill-wrapper\"><p class=\"tbp-events-grid-block__pill\">RET<\/p><\/div>\t\t\t\t\t<\/div>\n\t\t\t\t<\/div>\n\t\t\t\t\t<\/div>\n\t<\/div>\n\n<\/div>\n<\/div>\n\n<div class=\"gb-container gb-container-d6d5a8ba\">\n\n<h2 class=\"wp-block-heading has-text-align-center has-black-color has-text-color has-link-color has-public-sans-font-family has-9-font-size wp-elements-4511565bbe9437c7cf5d2e0ae721f5c5\" style=\"margin-top:0;margin-bottom:0\">Archives<\/h2>\n\n\n\n<p class=\"has-text-align-center has-text-color has-link-color has-5-font-size wp-elements-c6a3340546d8c8ad77ab0f6869efe9b8\" style=\"color:#bc5554;margin-top:0;margin-bottom:0;line-height:1\">Retraites<\/p>\n\n<\/div>\n\n<div class=\"gb-container gb-container-ed4cd5ac\">\n<div class=\"gb-container gb-container-ecb9a5ae\">\n\n<!-- Generate the markup -->\n<div class=\"tbp-events-grid-block tbp-events-grid-block_has-two-events tbp-events-grid-block_has-three-events\">\n\t\t\t<div class=\"tbp-events-grid-block-wrapper\">\n\t\t\t\t\t\t\t<div class=\"tbp-events-grid-block__event tbp-events-grid-block__event_archived\">\n\t\t\t\t\t\t\t\t\t\t\t\t\t\t\t\t<img decoding=\"async\" class=\"tbp-events-grid-block__image\" src=\"https:\/\/thebuddhaproject.org\/wp-content\/uploads\/2023\/12\/Kalika.jpg\" alt=\"\">\n\t\t\t\t\t\t\t\t\t\t<div class=\"tbp-events-grid-block__content\">\n\t\t\t\t\t\t<p class=\"tbp-events-grid-block__title\">Mini Vipassana Weekend Retraite<\/p>\n\t\t\t\t\t\t<p class=\"tbp-events-grid-block__further-description\">Institut Vajrayogini, France<\/p>\n\t\t\t\t\t\t<p class=\"tbp-events-grid-block__description\">Weekend Vipassana, ouvert \u00e0 tous. En ligne et sur place, en anglais avec traduction en fran\u00e7ais. Plus d&#039;informations et un lien d&#039;inscription suivront bient\u00f4t.  <\/p>\n\t\t\t\t\t<\/div>\n\t\t\t\t\t<div class=\"tbp-events-grid-block__event-footer\">\n\t\t\t\t\t\t<p class=\"tbp-events-grid-block__date\">07.03.2025<\/p>\n\t\t\t\t\t\t\t\t\t\t\t<\/div>\n\t\t\t\t<\/div>\n\t\t\t\t\t\t\t<div class=\"tbp-events-grid-block__event tbp-events-grid-block__event_archived\">\n\t\t\t\t\t\t\t\t\t\t\t\t\t\t\t\t<img decoding=\"async\" class=\"tbp-events-grid-block__image\" src=\"https:\/\/thebuddhaproject.org\/wp-content\/uploads\/2024\/10\/radical-love-event-1.jpg\" alt=\"\">\n\t\t\t\t\t\t\t\t\t\t<div class=\"tbp-events-grid-block__content\">\n\t\t\t\t\t\t<p class=\"tbp-events-grid-block__title\">Retraite intercontemplative<\/p>\n\t\t\t\t\t\t<p class=\"tbp-events-grid-block__further-description\">Institut Vajrayogini, France<\/p>\n\t\t\t\t\t\t<p class=\"tbp-events-grid-block__description\">Au cours de cette retraite d&#039;une semaine, le V\u00e9n\u00e9rable Gendun dialoguera et pratiquera en commun avec trois enseignants remarquables issus d&#039;autres milieux contemplatifs : la rabbin juive n\u00e9erlandaise Marianne van Praag, l&#039;\u00e9v\u00eaque orthodoxe g\u00e9orgien Malkhaz Songulashvili et l&#039;universitaire suisse Donata Schoeller. Uniquement sur place, en anglais et en fran\u00e7ais.  <\/p>\n\t\t\t\t\t<\/div>\n\t\t\t\t\t<div class=\"tbp-events-grid-block__event-footer\">\n\t\t\t\t\t\t<p class=\"tbp-events-grid-block__date\">28.07.2025<\/p>\n\t\t\t\t\t\t<div class=\"tbp-events-grid-block__pill-wrapper\"><p class=\"tbp-events-grid-block__pill\">RET<\/p><\/div>\t\t\t\t\t<\/div>\n\t\t\t\t<\/div>\n\t\t\t\t\t\t\t<div class=\"tbp-events-grid-block__event tbp-events-grid-block__event_archived\">\n\t\t\t\t\t\t\t\t\t\t\t<a href=\"https:\/\/www.institutvajrayogini.fr\/agenda\/retraite-sur-le-souffle-de-la-voie-vipassana-sur-place-1\/\" class=\"tbp-events-grid-block__link\"><\/a>\n\t\t\t\t\t\t\t\t\t\t\t\t\t\t\t\t<img decoding=\"async\" class=\"tbp-events-grid-block__image\" src=\"https:\/\/thebuddhaproject.org\/wp-content\/uploads\/2025\/07\/Bussho_Naturaleza-de-Buda.webp\" alt=\"\">\n\t\t\t\t\t\t\t\t\t\t<div class=\"tbp-events-grid-block__content\">\n\t\t\t\t\t\t<p class=\"tbp-events-grid-block__title\">Le souffle de la voie (retraite Vipassana)<\/p>\n\t\t\t\t\t\t<p class=\"tbp-events-grid-block__further-description\">Institut Vajrayogini, France<\/p>\n\t\t\t\t\t\t<p class=\"tbp-events-grid-block__description\">Une retraite de 10 jours en pleine conscience avec respiration, bas\u00e9e sur le \u0100n\u0101p\u0101nasati Sutta. Cette pratique int\u00e8gre en douceur samatha (rester calme) et vipassan\u0101 (voir clair), cultivant un esprit \u00e0 la fois tranquille et \u00e9veill\u00e9. Sur place et en ligne.<\/p>\n\t\t\t\t\t<\/div>\n\t\t\t\t\t<div class=\"tbp-events-grid-block__event-footer\">\n\t\t\t\t\t\t<p class=\"tbp-events-grid-block__date\">26.12.2025<\/p>\n\t\t\t\t\t\t<div class=\"tbp-events-grid-block__pill-wrapper\"><p class=\"tbp-events-grid-block__pill\">RET<\/p><\/div>\t\t\t\t\t<\/div>\n\t\t\t\t<\/div>\n\t\t\t\t\t<\/div>\n\t<\/div>\n\n<\/div>\n<\/div><\/div><\/div>\n","protected":false},"excerpt":{"rendered":"<p>3 TYPES DE RETRAITES Retreats cover 3 interconnected topics tailored to suit practitioners of varying skill levels. Il y a 4 retraites annuelles.<\/p>\n","protected":false},"author":1,"featured_media":0,"parent":0,"menu_order":0,"comment_status":"closed","ping_status":"closed","template":"","meta":{"_acf_changed":false,"_bbp_topic_count":0,"_bbp_reply_count":0,"_bbp_total_topic_count":0,"_bbp_total_reply_count":0,"_bbp_voice_count":0,"_bbp_anonymous_reply_count":0,"_bbp_topic_count_hidden":0,"_bbp_reply_count_hidden":0,"_bbp_forum_subforum_count":0,"footnotes":""},"class_list":["post-1593","page","type-page","status-publish","hentry"],"acf":[],"_links":{"self":[{"href":"https:\/\/thebuddhaproject.org\/fr\/wp-json\/wp\/v2\/pages\/1593","targetHints":{"allow":["GET"]}}],"collection":[{"href":"https:\/\/thebuddhaproject.org\/fr\/wp-json\/wp\/v2\/pages"}],"about":[{"href":"https:\/\/thebuddhaproject.org\/fr\/wp-json\/wp\/v2\/types\/page"}],"author":[{"embeddable":true,"href":"https:\/\/thebuddhaproject.org\/fr\/wp-json\/wp\/v2\/users\/1"}],"replies":[{"embeddable":true,"href":"https:\/\/thebuddhaproject.org\/fr\/wp-json\/wp\/v2\/comments?post=1593"}],"version-history":[{"count":11,"href":"https:\/\/thebuddhaproject.org\/fr\/wp-json\/wp\/v2\/pages\/1593\/revisions"}],"predecessor-version":[{"id":1814,"href":"https:\/\/thebuddhaproject.org\/fr\/wp-json\/wp\/v2\/pages\/1593\/revisions\/1814"}],"wp:attachment":[{"href":"https:\/\/thebuddhaproject.org\/fr\/wp-json\/wp\/v2\/media?parent=1593"}],"curies":[{"name":"wp","href":"https:\/\/api.w.org\/{rel}","templated":true}]}}