
{"id":1597,"date":"2024-01-13T03:33:03","date_gmt":"2024-01-13T03:33:03","guid":{"rendered":"https:\/\/thebuddhaproject.org\/conditions-dutilisation\/"},"modified":"2024-01-30T16:51:54","modified_gmt":"2024-01-30T16:51:54","slug":"conditions-dutilisation","status":"publish","type":"page","link":"https:\/\/thebuddhaproject.org\/fr\/conditions-dutilisation\/","title":{"rendered":"Conditions d&rsquo;utilisation"},"content":{"rendered":"\n<p>Ce site web est une publication de Stichting The Buddha Project. Bien que ce site ait \u00e9t\u00e9 con\u00e7u avec le plus grand soin, il n&rsquo;est pas exclu que les informations fournies doivent \u00eatre r\u00e9vis\u00e9es ou compl\u00e9t\u00e9es \u00e0 tout moment en fonction de l&rsquo;\u00e9volution de la situation ou de la modification des points de vue. Stichting The Buddha Project ne peut donc accepter aucune responsabilit\u00e9 pour l&rsquo;utilisation des informations sur le site web et les conclusions qui en d\u00e9coulent, sans que le visiteur ait obtenu des conseils professionnels suppl\u00e9mentaires. Stichting The Buddha Project ne peut pas non plus garantir l&rsquo;applicabilit\u00e9 des informations et des strat\u00e9gies dans tous les cas.<\/p>\n\n<p>Stichting The Buddha Project s&rsquo;efforce d&rsquo;assurer l&rsquo;accessibilit\u00e9 permanente du site web. N\u00e9anmoins, Stichting The Buddha Project se r\u00e9serve le droit de mettre le site web hors service temporairement ou d\u00e9finitivement sans notification pr\u00e9alable. Toute r\u00e9clamation \u00e9ventuelle au titre de la responsabilit\u00e9 pour dommages sera rejet\u00e9e.  <\/p>\n\n<p>Toutes les informations contenues dans ce site web sont soumises au copyright de Stichting The Buddha Project. Toute personne ayant acc\u00e8s \u00e0 ce site web est r\u00e9put\u00e9e avoir pris connaissance des informations mentionn\u00e9es ci-dessus.<\/p>\n\n<p>Si le propri\u00e9taire d&rsquo;un site s&rsquo;oppose au fait qu&rsquo;un lien ait \u00e9t\u00e9 \u00e9tabli vers son site via le pr\u00e9sent site, l&rsquo;\u00e9diteur du pr\u00e9sent site le consultera et, s&rsquo;il le souhaite, supprimera le(s) lien(s) concern\u00e9(s).<\/p>\n","protected":false},"excerpt":{"rendered":"<p>Ce site web est une publication de Stichting The Buddha Project. Bien que ce site ait \u00e9t\u00e9 con\u00e7u avec le plus grand soin, il n&rsquo;est pas exclu que les informations fournies doivent \u00eatre r\u00e9vis\u00e9es ou compl\u00e9t\u00e9es \u00e0 tout moment en fonction de l&rsquo;\u00e9volution de la situation ou de la modification des points de vue. Stichting [&hellip;]<\/p>\n","protected":false},"author":1,"featured_media":0,"parent":0,"menu_order":0,"comment_status":"closed","ping_status":"open","template":"template-basic-centered.php","meta":{"_acf_changed":false,"_bbp_topic_count":0,"_bbp_reply_count":0,"_bbp_total_topic_count":0,"_bbp_total_reply_count":0,"_bbp_voice_count":0,"_bbp_anonymous_reply_count":0,"_bbp_topic_count_hidden":0,"_bbp_reply_count_hidden":0,"_bbp_forum_subforum_count":0,"footnotes":""},"class_list":["post-1597","page","type-page","status-publish","hentry"],"acf":[],"_links":{"self":[{"href":"https:\/\/thebuddhaproject.org\/fr\/wp-json\/wp\/v2\/pages\/1597","targetHints":{"allow":["GET"]}}],"collection":[{"href":"https:\/\/thebuddhaproject.org\/fr\/wp-json\/wp\/v2\/pages"}],"about":[{"href":"https:\/\/thebuddhaproject.org\/fr\/wp-json\/wp\/v2\/types\/page"}],"author":[{"embeddable":true,"href":"https:\/\/thebuddhaproject.org\/fr\/wp-json\/wp\/v2\/users\/1"}],"replies":[{"embeddable":true,"href":"https:\/\/thebuddhaproject.org\/fr\/wp-json\/wp\/v2\/comments?post=1597"}],"version-history":[{"count":3,"href":"https:\/\/thebuddhaproject.org\/fr\/wp-json\/wp\/v2\/pages\/1597\/revisions"}],"predecessor-version":[{"id":1600,"href":"https:\/\/thebuddhaproject.org\/fr\/wp-json\/wp\/v2\/pages\/1597\/revisions\/1600"}],"wp:attachment":[{"href":"https:\/\/thebuddhaproject.org\/fr\/wp-json\/wp\/v2\/media?parent=1597"}],"curies":[{"name":"wp","href":"https:\/\/api.w.org\/{rel}","templated":true}]}}