
{"id":1807,"date":"2023-12-10T10:25:07","date_gmt":"2023-12-10T10:25:07","guid":{"rendered":"https:\/\/thebuddhaproject.org\/la-mission\/"},"modified":"2024-02-08T10:10:17","modified_gmt":"2024-02-08T10:10:17","slug":"la-mission","status":"publish","type":"page","link":"https:\/\/thebuddhaproject.org\/fr\/la-mission\/","title":{"rendered":"La mission"},"content":{"rendered":"\n<div class=\"wp-block-cover alignfull is-light is-style-blue-motif\" style=\"padding-bottom:var(--wp--preset--spacing--40)\"><span aria-hidden=\"true\" class=\"wp-block-cover__background has-white-background-color has-background-dim-0 has-background-dim\"><\/span><div class=\"wp-block-cover__inner-container is-layout-flow wp-block-cover-is-layout-flow\">\n<div class=\"wp-block-group has-global-padding is-content-justification-center is-layout-constrained wp-block-group-is-layout-constrained\"><div\t\tclass=\"wp-block-advanced-columns-columns-660745c40600c5d08859fb916a5c0a41 wp-block-advanced-columns-columns\">\n\t\n<div\n\t\tclass=\"wp-block-advanced-columns-column-ecbac17858db1793341972a9c34467a7 wp-block-advanced-columns-column\">\n\t\n\n<p class=\"has-5-font-size\" style=\"margin-top:0;margin-right:0rem;margin-bottom:var(--wp--preset--spacing--10);margin-left:0;line-height:1.3\">Le r\u00e9sultat de la lutte personnelle d&rsquo;un enseignant bouddhiste pour se frayer un chemin \u00e0 travers les tendances sectaires.<\/p>\n\n\n\n<p class=\"has-black-2-color has-text-color has-link-color has-3-font-size wp-elements-13da53dd9029557af6d83146a66e892c\">Il s&rsquo;agit d&rsquo;un voyage qui permet de d\u00e9passer les pr\u00e9jug\u00e9s culturels et de faire l&rsquo;exp\u00e9rience du Dharma au-del\u00e0 de la compr\u00e9hension intellectuelle. Le projet est une fa\u00e7on de rendre la pareille \u00e0 l&rsquo;immense gentillesse des professeurs qui ont g\u00e9n\u00e9reusement partag\u00e9 leur sagesse et l&rsquo;ont guid\u00e9 sur son chemin.<\/p>\n\n\t\t<\/div>\n\n\n<div\n\t\tclass=\"wp-block-advanced-columns-column-d751713988987e9331980363e24189ce wp-block-advanced-columns-column\">\n\t\t\t<\/div>\n\n\n<div\n\t\tclass=\"wp-block-advanced-columns-column-463befd21ae50c598adb41cc268b804b wp-block-advanced-columns-column\">\n\t\n\n<figure class=\"wp-block-image alignright size-full block-visibility-hide-small-screen\"><img loading=\"lazy\" decoding=\"async\" width=\"1094\" height=\"1500\" src=\"https:\/\/thebuddhaproject.org\/wp-content\/uploads\/2024\/01\/tbp-mission.jpg\" alt=\"\" class=\"wp-image-1167\" srcset=\"https:\/\/thebuddhaproject.org\/wp-content\/uploads\/2024\/01\/tbp-mission.jpg 1094w, https:\/\/thebuddhaproject.org\/wp-content\/uploads\/2024\/01\/tbp-mission-219x300.jpg 219w, https:\/\/thebuddhaproject.org\/wp-content\/uploads\/2024\/01\/tbp-mission-747x1024.jpg 747w, https:\/\/thebuddhaproject.org\/wp-content\/uploads\/2024\/01\/tbp-mission-768x1053.jpg 768w\" sizes=\"auto, (max-width: 1094px) 100vw, 1094px\" \/><\/figure>\n\n\n\n<figure class=\"wp-block-image aligncenter size-full block-visibility-hide-large-screen block-visibility-hide-medium-screen\"><img loading=\"lazy\" decoding=\"async\" width=\"1000\" height=\"667\" src=\"https:\/\/thebuddhaproject.org\/wp-content\/uploads\/2024\/01\/mission-mobile.jpg\" alt=\"\" class=\"wp-image-1170\" srcset=\"https:\/\/thebuddhaproject.org\/wp-content\/uploads\/2024\/01\/mission-mobile.jpg 1000w, https:\/\/thebuddhaproject.org\/wp-content\/uploads\/2024\/01\/mission-mobile-300x200.jpg 300w, https:\/\/thebuddhaproject.org\/wp-content\/uploads\/2024\/01\/mission-mobile-768x512.jpg 768w\" sizes=\"auto, (max-width: 1000px) 100vw, 1000px\" \/><\/figure>\n\n\t\t<\/div>\n\n\n<div\n\t\tclass=\"wp-block-advanced-columns-column-f0304d5e55ef29bc374dc01bf16b4fe9 wp-block-advanced-columns-column\">\n\t\n\n<div class=\"wp-block-group is-style-default has-background has-global-padding is-layout-constrained wp-container-core-group-is-layout-c8abddd0 wp-block-group-is-layout-constrained\" style=\"background-color:#ffffff;margin-top:0;padding-top:var(--wp--preset--spacing--30);padding-right:var(--wp--preset--spacing--20);padding-bottom:var(--wp--preset--spacing--30);padding-left:var(--wp--preset--spacing--20)\">\n<p class=\"has-blue-1-color has-text-color has-link-color wp-elements-9aeaacd9cc1ed9bfd76ffd72cf78f64f\">Bien que chaque aspect du Buddha Project soit n\u00e9cessairement bien ancr\u00e9 dans la th\u00e9orie et la pratique des traditions bouddhistes tib\u00e9taines Gelug et Therav\u0101da, le praticien occupe une place centrale. La destination du chemin, le plein \u00e9veil, est la m\u00eame pour tous les pratiquants. Le chemin pour y parvenir varie d&rsquo;une personne \u00e0 l&rsquo;autre.<\/p>\n\n\n\n<p class=\"has-blue-1-color has-text-color has-link-color wp-elements-463940b419afd89ee143e928d8451975\">Certains progressent par le calme, d&rsquo;autres par la perspicacit\u00e9, d&rsquo;autres par le raisonnement et d&rsquo;autres encore par la foi. Le Bouddha a toujours voulu que les m\u00e9thodes s&rsquo;adaptent au cheminement de chaque praticien. Les m\u00e9thodes orientales doivent \u00eatre traduites pour que les vastes connaissances bouddhistes soient accessibles aux praticiens d&rsquo;origine occidentale.<\/p>\n<\/div>\n\n\t\t<\/div>\n\n\t\t<\/div>\n<\/div>\n<\/div><\/div>\n<div\t\tclass=\"wp-block-advanced-columns-columns-3a4c9828aa730d388824a4e583659ed0 alignfull wp-block-advanced-columns-columns\">\n\t\n<div\n\t\tclass=\"wp-block-advanced-columns-column-a09024df83ce8ec6e9a4e7b3072e124d wp-block-advanced-columns-column has-background has-green-2-background-color\">\n\t\n<div\t\tclass=\"wp-block-advanced-columns-columns-f2b40cc2c0ad921f238110e7841d9cb0 wp-block-advanced-columns-columns\">\n\t\n<div\n\t\tclass=\"wp-block-advanced-columns-column-5411f04cbba2d2fed9589528c0e34a3b wp-block-advanced-columns-column\">\n\t\n\n<p class=\"has-black-color has-text-color has-link-color has-feijoa-display-font-family has-7-font-size wp-elements-67c94a0eea3bdf9948617f2f21d5fcfd\" style=\"line-height:1.3\">Le projet Buddha s&rsquo;efforce d&rsquo;\u00eatre complet en proposant cinq branches<\/p>\n\n\t\t<\/div>\n\n\n<div\n\t\tclass=\"wp-block-advanced-columns-column-8e671a9cac549a21fd9ce4f7dc58c24b wp-block-advanced-columns-column\">\n\t\n\n<figure class=\"wp-block-image aligncenter size-full\"><img loading=\"lazy\" decoding=\"async\" width=\"655\" height=\"439\" src=\"https:\/\/thebuddhaproject.org\/wp-content\/uploads\/2024\/01\/mission-graphic.svg\" alt=\"\" class=\"wp-image-918\"\/><\/figure>\n\n\t\t<\/div>\n\n\t\t<\/div>\n\n\t\t<\/div>\n\n\n<div\n\t\tclass=\"wp-block-advanced-columns-column-738aa98cd5a9eb7fb209699f66b46c7e wp-block-advanced-columns-column has-background has-pure-white-background-color\">\n\t\n<div\t\tclass=\"wp-block-advanced-columns-columns-b3a7c4e99452bb134aee03ce3380206b wp-block-advanced-columns-columns\">\n\t\n<div\n\t\tclass=\"wp-block-advanced-columns-column-a2e73ce109ee1a77e904aa6d9ed1d745 wp-block-advanced-columns-column\">\n\t\n\n<div class=\"wp-block-group is-layout-flow wp-block-group-is-layout-flow\">\n<h2 class=\"wp-block-heading has-red-3-color has-text-color has-link-color has-public-sans-font-family wp-elements-b3d118a602f4f71c3543b9a7816650c4\">Formation approfondie \u00e0 la m\u00e9ditation<\/h2>\n\n\n\n<p>Cours en ligne de quatre ans portant sur les principales perspectives bouddhistes : Theravada, Yogacara, Madhyamaka et Tantra. Il propose des m\u00e9ditations guid\u00e9es hebdomadaires, des conf\u00e9rences et un espace de questions et de dialogue.<\/p>\n\n\n\n<hr class=\"wp-block-separator has-text-color has-green-2-color has-alpha-channel-opacity has-green-2-background-color has-background is-style-wide\" style=\"margin-top:var(--wp--preset--spacing--10)\"\/>\n<\/div>\n\n\t\t<\/div>\n\n\n<div\n\t\tclass=\"wp-block-advanced-columns-column-a2e73ce109ee1a77e904aa6d9ed1d745 wp-block-advanced-columns-column\">\n\t\n\n<div class=\"wp-block-group is-layout-flow wp-block-group-is-layout-flow\">\n<h2 class=\"wp-block-heading has-red-3-color has-text-color has-link-color has-public-sans-font-family wp-elements-d3d282e7aaa677fb4da3ee564255c501\">Retraites<\/h2>\n\n\n\n<p>Quatre \u00e0 six retraites annuelles (en direct et en ligne) dans diff\u00e9rents lieux, ax\u00e9es sur Vipassana, Compassion et Mahamudra.<\/p>\n\n\n\n<hr class=\"wp-block-separator has-text-color has-green-2-color has-alpha-channel-opacity has-green-2-background-color has-background is-style-wide\" style=\"margin-top:var(--wp--preset--spacing--10)\"\/>\n<\/div>\n\n\t\t<\/div>\n\n\n<div\n\t\tclass=\"wp-block-advanced-columns-column-a2e73ce109ee1a77e904aa6d9ed1d745 wp-block-advanced-columns-column\">\n\t\n\n<div class=\"wp-block-group is-layout-flow wp-block-group-is-layout-flow\">\n<h2 class=\"wp-block-heading has-red-3-color has-text-color has-link-color has-public-sans-font-family wp-elements-a816937739bee28346a3571dc2b6cb19\">Yogi Bootcamp<\/h2>\n\n\n\n<p>Un an de formation intensive et personnelle \u00e0 la m\u00e9ditation avec des instructions p\u00e9riodiques et des entretiens individuels en ligne.<\/p>\n\n\n\n<hr class=\"wp-block-separator has-text-color has-green-2-color has-alpha-channel-opacity has-green-2-background-color has-background is-style-wide\" style=\"margin-top:var(--wp--preset--spacing--10)\"\/>\n<\/div>\n\n\t\t<\/div>\n\n\n<div\n\t\tclass=\"wp-block-advanced-columns-column-a2e73ce109ee1a77e904aa6d9ed1d745 wp-block-advanced-columns-column\">\n\t\n\n<div class=\"wp-block-group is-layout-flow wp-block-group-is-layout-flow\">\n<h2 class=\"wp-block-heading has-red-3-color has-text-color has-link-color has-public-sans-font-family wp-elements-25b0eca6f4c2e66e595ca8f671946120\">Projet de recherche sur le bouddha<\/h2>\n\n\n\n<p>Collaboration avec des chercheurs des universit\u00e9s de N\u00eemes et de Lausanne, et Mind &amp; Life Europe, pour \u00e9tudier les changements provoqu\u00e9s par la m\u00e9ditation \u00e0 long terme dans la perception, l&rsquo;exp\u00e9rience personnelle v\u00e9cue, les relations sociales et la formation du sens.<\/p>\n\n\n\n<hr class=\"wp-block-separator has-text-color has-green-2-color has-alpha-channel-opacity has-green-2-background-color has-background is-style-wide\" style=\"margin-top:var(--wp--preset--spacing--10)\"\/>\n<\/div>\n\n\t\t<\/div>\n\n\n<div\n\t\tclass=\"wp-block-advanced-columns-column-a2e73ce109ee1a77e904aa6d9ed1d745 wp-block-advanced-columns-column\">\n\t\n\n<div class=\"wp-block-group is-layout-flow wp-block-group-is-layout-flow\">\n<h2 class=\"wp-block-heading has-red-3-color has-text-color has-link-color has-public-sans-font-family wp-elements-498244e774d755bf62950c87c3da481d\">Projet Burning Bush<\/h2>\n\n\n\n<p>Activit\u00e9s de collaboration pour cr\u00e9er un apprentissage commun avec des contemplatifs de diverses traditions religieuses et approches humanistes.<\/p>\n\n\n\n<hr class=\"wp-block-separator has-text-color has-green-2-color has-alpha-channel-opacity has-green-2-background-color has-background is-style-wide\" style=\"margin-top:var(--wp--preset--spacing--10)\"\/>\n<\/div>\n\n\t\t<\/div>\n\n\t\t<\/div>\n\n\t\t<\/div>\n\n\t\t<\/div>\n","protected":false},"excerpt":{"rendered":"","protected":false},"author":1,"featured_media":0,"parent":0,"menu_order":0,"comment_status":"closed","ping_status":"closed","template":"","meta":{"_acf_changed":false,"_bbp_topic_count":0,"_bbp_reply_count":0,"_bbp_total_topic_count":0,"_bbp_total_reply_count":0,"_bbp_voice_count":0,"_bbp_anonymous_reply_count":0,"_bbp_topic_count_hidden":0,"_bbp_reply_count_hidden":0,"_bbp_forum_subforum_count":0,"footnotes":""},"class_list":["post-1807","page","type-page","status-publish","hentry"],"acf":[],"_links":{"self":[{"href":"https:\/\/thebuddhaproject.org\/fr\/wp-json\/wp\/v2\/pages\/1807","targetHints":{"allow":["GET"]}}],"collection":[{"href":"https:\/\/thebuddhaproject.org\/fr\/wp-json\/wp\/v2\/pages"}],"about":[{"href":"https:\/\/thebuddhaproject.org\/fr\/wp-json\/wp\/v2\/types\/page"}],"author":[{"embeddable":true,"href":"https:\/\/thebuddhaproject.org\/fr\/wp-json\/wp\/v2\/users\/1"}],"replies":[{"embeddable":true,"href":"https:\/\/thebuddhaproject.org\/fr\/wp-json\/wp\/v2\/comments?post=1807"}],"version-history":[{"count":2,"href":"https:\/\/thebuddhaproject.org\/fr\/wp-json\/wp\/v2\/pages\/1807\/revisions"}],"predecessor-version":[{"id":1987,"href":"https:\/\/thebuddhaproject.org\/fr\/wp-json\/wp\/v2\/pages\/1807\/revisions\/1987"}],"wp:attachment":[{"href":"https:\/\/thebuddhaproject.org\/fr\/wp-json\/wp\/v2\/media?parent=1807"}],"curies":[{"name":"wp","href":"https:\/\/api.w.org\/{rel}","templated":true}]}}